{"id":17176,"date":"2020-12-14T14:09:17","date_gmt":"2020-12-14T14:09:17","guid":{"rendered":"https:\/\/hotelpointfrance.com\/gallery\/"},"modified":"2022-04-05T20:58:33","modified_gmt":"2022-04-05T20:58:33","slug":"gallery","status":"publish","type":"page","link":"https:\/\/hotelpointfrance.com\/en\/gallery\/","title":{"rendered":"Gallery"},"content":{"rendered":"\t\t<div data-elementor-type=\"wp-page\" data-elementor-id=\"17176\" class=\"elementor elementor-17176 elementor-5300\">\n\t\t\t\t\t\t<section class=\"elementor-section elementor-top-section elementor-element elementor-element-6af0688f qodef-elementor-content-grid elementor-section-full_width elementor-section-stretched elementor-section-height-default elementor-section-height-default\" data-id=\"6af0688f\" data-element_type=\"section\" data-e-type=\"section\" data-settings=\"{&quot;stretch_section&quot;:&quot;section-stretched&quot;}\">\n\t\t\t\t\t\t<div class=\"elementor-container elementor-column-gap-default\">\n\t\t\t\t\t<div class=\"elementor-column elementor-col-100 elementor-top-column elementor-element elementor-element-6ef577d8\" data-id=\"6ef577d8\" data-element_type=\"column\" data-e-type=\"column\">\n\t\t\t<div class=\"elementor-widget-wrap elementor-element-populated\">\n\t\t\t\t\t\t<div class=\"elementor-element elementor-element-6581ddb7 elementor-widget elementor-widget-augustine_core_image_gallery\" data-id=\"6581ddb7\" data-element_type=\"widget\" data-e-type=\"widget\" data-widget_type=\"augustine_core_image_gallery.default\">\n\t\t\t\t<div class=\"elementor-widget-container\">\n\t\t\t\t\t<div class=\"qodef-shortcode qodef-m  qodef-image-gallery      qodef-grid qodef-layout--masonry qodef-items--fixed qodef-gutter--normal qodef-col-num--2  qodef-responsive--predefined\" style=\"transition-delay: ms\">\n\t<div class=\"qodef-grid-inner clear\">\n\t\t\t<div class=\"qodef-grid-masonry-sizer\"><\/div>\n\t<div class=\"qodef-grid-masonry-gutter\"><\/div>\n<div class=\"qodef-e qodef-image-wrapper qodef-grid-item qodef-grid-item qodef-item--landscape\">\n\t\t\t<img fetchpriority=\"high\" decoding=\"async\" width=\"1300\" height=\"650\" src=\"https:\/\/i0.wp.com\/hotelpointfrance.com\/wp-content\/uploads\/2022\/03\/chambre-rouge-luxe-hotel-point-france.png?resize=1300%2C650&amp;ssl=1\" class=\"attachment-augustine_image_size_landscape size-augustine_image_size_landscape\" alt=\"chambre rouge luxe grande chambre h\u00f4tel point france quatre \u00e9toiles\" \/>\t\t<\/div><div class=\"qodef-e qodef-image-wrapper qodef-grid-item qodef-grid-item qodef-item--full\">\n\t\t\t<img decoding=\"async\" width=\"686\" height=\"710\" src=\"https:\/\/i0.wp.com\/hotelpointfrance.com\/wp-content\/uploads\/2022\/03\/chambre-deluxe-petit-dejeuner-hotel-point-france.png?fit=686%2C710&amp;ssl=1\" class=\"attachment-full size-full\" alt=\"chambre deluxe petit d\u00e9jeuner room service front de mer h\u00f4tel point france\" srcset=\"https:\/\/i0.wp.com\/hotelpointfrance.com\/wp-content\/uploads\/2022\/03\/chambre-deluxe-petit-dejeuner-hotel-point-france.png?w=686&amp;ssl=1 686w, https:\/\/i0.wp.com\/hotelpointfrance.com\/wp-content\/uploads\/2022\/03\/chambre-deluxe-petit-dejeuner-hotel-point-france.png?resize=290%2C300&amp;ssl=1 290w, https:\/\/i0.wp.com\/hotelpointfrance.com\/wp-content\/uploads\/2022\/03\/chambre-deluxe-petit-dejeuner-hotel-point-france.png?resize=600%2C621&amp;ssl=1 600w\" sizes=\"(max-width: 686px) 100vw, 686px\" \/>\t\t<\/div><div class=\"qodef-e qodef-image-wrapper qodef-grid-item qodef-grid-item qodef-item--full\">\n\t\t\t<img decoding=\"async\" width=\"686\" height=\"710\" src=\"https:\/\/i0.wp.com\/hotelpointfrance.com\/wp-content\/uploads\/2022\/03\/salon-fauteuil-interieur-hotel-point-france.png?fit=686%2C710&amp;ssl=1\" class=\"attachment-full size-full\" alt=\"salon fauteuil design mobilier haut de gamme h\u00f4tel point france\" srcset=\"https:\/\/i0.wp.com\/hotelpointfrance.com\/wp-content\/uploads\/2022\/03\/salon-fauteuil-interieur-hotel-point-france.png?w=686&amp;ssl=1 686w, https:\/\/i0.wp.com\/hotelpointfrance.com\/wp-content\/uploads\/2022\/03\/salon-fauteuil-interieur-hotel-point-france.png?resize=290%2C300&amp;ssl=1 290w, https:\/\/i0.wp.com\/hotelpointfrance.com\/wp-content\/uploads\/2022\/03\/salon-fauteuil-interieur-hotel-point-france.png?resize=600%2C621&amp;ssl=1 600w\" sizes=\"(max-width: 686px) 100vw, 686px\" \/>\t\t<\/div><div class=\"qodef-e qodef-image-wrapper qodef-grid-item qodef-grid-item qodef-item--landscape\">\n\t\t\t<img loading=\"lazy\" decoding=\"async\" width=\"1300\" height=\"650\" src=\"https:\/\/i0.wp.com\/hotelpointfrance.com\/wp-content\/uploads\/2022\/03\/petit-dejeuner-exterieur-hotel-point-france.png?resize=1300%2C650&amp;ssl=1\" class=\"attachment-augustine_image_size_landscape size-augustine_image_size_landscape\" alt=\"petits d\u00e9jeuners ext\u00e9rieur jardin suspendu terrasse h\u00f4tel point france arcachon\" \/>\t\t<\/div><div class=\"qodef-e qodef-image-wrapper qodef-grid-item qodef-grid-item qodef-item--full\">\n\t\t\t<img loading=\"lazy\" decoding=\"async\" width=\"686\" height=\"710\" src=\"https:\/\/i0.wp.com\/hotelpointfrance.com\/wp-content\/uploads\/2022\/03\/chambre-machine-cafe-hotel-point-france.png?fit=686%2C710&amp;ssl=1\" class=\"attachment-full size-full\" alt=\"chambre h\u00f4tel point france bureau machine \u00e0 caf\u00e9 th\u00e9\" srcset=\"https:\/\/i0.wp.com\/hotelpointfrance.com\/wp-content\/uploads\/2022\/03\/chambre-machine-cafe-hotel-point-france.png?w=686&amp;ssl=1 686w, https:\/\/i0.wp.com\/hotelpointfrance.com\/wp-content\/uploads\/2022\/03\/chambre-machine-cafe-hotel-point-france.png?resize=290%2C300&amp;ssl=1 290w, https:\/\/i0.wp.com\/hotelpointfrance.com\/wp-content\/uploads\/2022\/03\/chambre-machine-cafe-hotel-point-france.png?resize=600%2C621&amp;ssl=1 600w\" sizes=\"(max-width: 686px) 100vw, 686px\" \/>\t\t<\/div><div class=\"qodef-e qodef-image-wrapper qodef-grid-item qodef-grid-item qodef-item--full\">\n\t\t\t<img loading=\"lazy\" decoding=\"async\" width=\"686\" height=\"710\" src=\"https:\/\/i0.wp.com\/hotelpointfrance.com\/wp-content\/uploads\/2022\/03\/plateau-petit-dejeuner-hotel-point-france.png?fit=686%2C710&amp;ssl=1\" class=\"attachment-full size-full\" alt=\"plateau petit d\u00e9jeuner fruits bio viennoiseries du jour\" srcset=\"https:\/\/i0.wp.com\/hotelpointfrance.com\/wp-content\/uploads\/2022\/03\/plateau-petit-dejeuner-hotel-point-france.png?w=686&amp;ssl=1 686w, https:\/\/i0.wp.com\/hotelpointfrance.com\/wp-content\/uploads\/2022\/03\/plateau-petit-dejeuner-hotel-point-france.png?resize=290%2C300&amp;ssl=1 290w, https:\/\/i0.wp.com\/hotelpointfrance.com\/wp-content\/uploads\/2022\/03\/plateau-petit-dejeuner-hotel-point-france.png?resize=600%2C621&amp;ssl=1 600w\" sizes=\"(max-width: 686px) 100vw, 686px\" \/>\t\t<\/div><div class=\"qodef-e qodef-image-wrapper qodef-grid-item qodef-grid-item qodef-item--landscape\">\n\t\t\t<img loading=\"lazy\" decoding=\"async\" width=\"1300\" height=\"650\" src=\"https:\/\/i0.wp.com\/hotelpointfrance.com\/wp-content\/uploads\/2022\/03\/table-petit-dejeuner-hotel-point-france.png?resize=1300%2C650&amp;ssl=1\" class=\"attachment-augustine_image_size_landscape size-augustine_image_size_landscape\" alt=\"table petit-d\u00e9jeuner h\u00f4tel luxe arcachon\" \/>\t\t<\/div><div class=\"qodef-e qodef-image-wrapper qodef-grid-item qodef-grid-item qodef-item--full\">\n\t\t\t<img loading=\"lazy\" decoding=\"async\" width=\"686\" height=\"710\" src=\"https:\/\/i0.wp.com\/hotelpointfrance.com\/wp-content\/uploads\/2022\/03\/petit-dejeuner-bio-local-hotel-point-france.png?fit=686%2C710&amp;ssl=1\" class=\"attachment-full size-full\" alt=\"petit-d\u00e9jeuner bio local de saison h\u00f4tel point france\" srcset=\"https:\/\/i0.wp.com\/hotelpointfrance.com\/wp-content\/uploads\/2022\/03\/petit-dejeuner-bio-local-hotel-point-france.png?w=686&amp;ssl=1 686w, https:\/\/i0.wp.com\/hotelpointfrance.com\/wp-content\/uploads\/2022\/03\/petit-dejeuner-bio-local-hotel-point-france.png?resize=290%2C300&amp;ssl=1 290w, https:\/\/i0.wp.com\/hotelpointfrance.com\/wp-content\/uploads\/2022\/03\/petit-dejeuner-bio-local-hotel-point-france.png?resize=600%2C621&amp;ssl=1 600w\" sizes=\"(max-width: 686px) 100vw, 686px\" \/>\t\t<\/div><div class=\"qodef-e qodef-image-wrapper qodef-grid-item qodef-grid-item qodef-item--full\">\n\t\t\t<img loading=\"lazy\" decoding=\"async\" width=\"686\" height=\"710\" src=\"https:\/\/i0.wp.com\/hotelpointfrance.com\/wp-content\/uploads\/2022\/03\/chambre-terrasse-mer-hotel-point-france.png?fit=686%2C710&amp;ssl=1\" class=\"attachment-full size-full\" alt=\"chambre terrasse orientation mer vue bassin arcachon\" srcset=\"https:\/\/i0.wp.com\/hotelpointfrance.com\/wp-content\/uploads\/2022\/03\/chambre-terrasse-mer-hotel-point-france.png?w=686&amp;ssl=1 686w, https:\/\/i0.wp.com\/hotelpointfrance.com\/wp-content\/uploads\/2022\/03\/chambre-terrasse-mer-hotel-point-france.png?resize=290%2C300&amp;ssl=1 290w, https:\/\/i0.wp.com\/hotelpointfrance.com\/wp-content\/uploads\/2022\/03\/chambre-terrasse-mer-hotel-point-france.png?resize=600%2C621&amp;ssl=1 600w\" sizes=\"(max-width: 686px) 100vw, 686px\" \/>\t\t<\/div><div class=\"qodef-e qodef-image-wrapper qodef-grid-item qodef-grid-item qodef-item--landscape\">\n\t\t\t<img loading=\"lazy\" decoding=\"async\" width=\"1300\" height=\"650\" src=\"https:\/\/i0.wp.com\/hotelpointfrance.com\/wp-content\/uploads\/2022\/03\/salon-beige-bar-hotel-point-france.png?resize=1300%2C650&amp;ssl=1\" class=\"attachment-augustine_image_size_landscape size-augustine_image_size_landscape\" alt=\"salon beige bar arcachon h\u00f4tel point france\" \/>\t\t<\/div><div class=\"qodef-e qodef-image-wrapper qodef-grid-item qodef-grid-item qodef-item--full\">\n\t\t\t<img loading=\"lazy\" decoding=\"async\" width=\"686\" height=\"710\" src=\"https:\/\/i0.wp.com\/hotelpointfrance.com\/wp-content\/uploads\/2022\/03\/escalier-interieur-hotel-point-france.png?fit=686%2C710&amp;ssl=1\" class=\"attachment-full size-full\" alt=\"escalier mati\u00e8res bois pierre ambiance min\u00e9rale marine arcachon h\u00f4tel point france\" srcset=\"https:\/\/i0.wp.com\/hotelpointfrance.com\/wp-content\/uploads\/2022\/03\/escalier-interieur-hotel-point-france.png?w=686&amp;ssl=1 686w, https:\/\/i0.wp.com\/hotelpointfrance.com\/wp-content\/uploads\/2022\/03\/escalier-interieur-hotel-point-france.png?resize=290%2C300&amp;ssl=1 290w, https:\/\/i0.wp.com\/hotelpointfrance.com\/wp-content\/uploads\/2022\/03\/escalier-interieur-hotel-point-france.png?resize=600%2C621&amp;ssl=1 600w\" sizes=\"(max-width: 686px) 100vw, 686px\" \/>\t\t<\/div><div class=\"qodef-e qodef-image-wrapper qodef-grid-item qodef-grid-item qodef-item--full\">\n\t\t\t<img loading=\"lazy\" decoding=\"async\" width=\"686\" height=\"710\" src=\"https:\/\/i0.wp.com\/hotelpointfrance.com\/wp-content\/uploads\/2022\/03\/salon-interieur-hotel-point-france.png?fit=686%2C710&amp;ssl=1\" class=\"attachment-full size-full\" alt=\"salon int\u00e9rieur h\u00f4tel point france entr\u00e9e ambiance marine bassin d&#039;arcachon\" srcset=\"https:\/\/i0.wp.com\/hotelpointfrance.com\/wp-content\/uploads\/2022\/03\/salon-interieur-hotel-point-france.png?w=686&amp;ssl=1 686w, https:\/\/i0.wp.com\/hotelpointfrance.com\/wp-content\/uploads\/2022\/03\/salon-interieur-hotel-point-france.png?resize=290%2C300&amp;ssl=1 290w, https:\/\/i0.wp.com\/hotelpointfrance.com\/wp-content\/uploads\/2022\/03\/salon-interieur-hotel-point-france.png?resize=600%2C621&amp;ssl=1 600w\" sizes=\"(max-width: 686px) 100vw, 686px\" \/>\t\t<\/div><div class=\"qodef-e qodef-image-wrapper qodef-grid-item qodef-grid-item qodef-item--landscape\">\n\t\t\t<img loading=\"lazy\" decoding=\"async\" width=\"1300\" height=\"650\" src=\"https:\/\/i0.wp.com\/hotelpointfrance.com\/wp-content\/uploads\/2022\/03\/chambre-classique-blanc-hotel-point-france.png?resize=1300%2C650&amp;ssl=1\" class=\"attachment-augustine_image_size_landscape size-augustine_image_size_landscape\" alt=\"chambre classique grand lit acc\u00e8s terrasse vue mer h\u00f4tel point france arcachon\" \/>\t\t<\/div>\t<\/div>\n<\/div>\t\t\t\t<\/div>\n\t\t\t\t<\/div>\n\t\t\t\t\t<\/div>\n\t\t<\/div>\n\t\t\t\t\t<\/div>\n\t\t<\/section>\n\t\t\t\t<section class=\"elementor-section elementor-top-section elementor-element elementor-element-0689923 elementor-section-boxed elementor-section-height-default elementor-section-height-default qodef-elementor-content-no\" data-id=\"0689923\" data-element_type=\"section\" data-e-type=\"section\">\n\t\t\t\t\t\t<div class=\"elementor-container elementor-column-gap-default\">\n\t\t\t\t\t<div class=\"elementor-column elementor-col-100 elementor-top-column elementor-element elementor-element-e4a5ea0\" data-id=\"e4a5ea0\" data-element_type=\"column\" data-e-type=\"column\">\n\t\t\t<div class=\"elementor-widget-wrap elementor-element-populated\">\n\t\t\t\t\t\t<div class=\"elementor-element elementor-element-bd144cb elementor-widget__width-initial elementor-widget elementor-widget-augustine_core_button\" data-id=\"bd144cb\" data-element_type=\"widget\" data-e-type=\"widget\" data-widget_type=\"augustine_core_button.default\">\n\t\t\t\t<div class=\"elementor-widget-container\">\n\t\t\t\t\t<a class=\"qodef-shortcode qodef-m  qodef-button qodef-layout--rounded  qodef-html--link \" href=\"https:\/\/3bg.a99.myftpupload.com\/reservation\/\" target=\"_self\"  >\n\t<span class=\"qodef-m-background\" ><\/span>\n\t<span class=\"qodef-m-text\">R\u00e9server<\/span>\n<\/a>\t\t\t\t<\/div>\n\t\t\t\t<\/div>\n\t\t\t\t\t<\/div>\n\t\t<\/div>\n\t\t\t\t\t<\/div>\n\t\t<\/section>\n\t\t\t\t<\/div>\n\t\t","protected":false},"excerpt":{"rendered":"<p>R\u00e9server<\/p>\n","protected":false},"author":1,"featured_media":0,"parent":0,"menu_order":0,"comment_status":"closed","ping_status":"closed","template":"","meta":{"_coblocks_attr":"","_coblocks_dimensions":"","_coblocks_responsive_height":"","_coblocks_accordion_ie_support":"","footnotes":""},"class_list":["post-17176","page","type-page","status-publish","hentry"],"yoast_head":"<!-- This site is optimized with the Yoast SEO plugin v27.4 - https:\/\/yoast.com\/product\/yoast-seo-wordpress\/ -->\n<title>Gallery - H\u00f4tel Point France<\/title>\n<meta name=\"robots\" content=\"index, follow, max-snippet:-1, max-image-preview:large, max-video-preview:-1\" \/>\n<link rel=\"canonical\" href=\"https:\/\/hotelpointfrance.com\/en\/gallery\/\" \/>\n<meta property=\"og:locale\" content=\"en_US\" \/>\n<meta property=\"og:type\" content=\"article\" \/>\n<meta property=\"og:title\" content=\"Gallery - H\u00f4tel Point France\" \/>\n<meta property=\"og:description\" content=\"R\u00e9server\" \/>\n<meta property=\"og:url\" content=\"https:\/\/hotelpointfrance.com\/en\/gallery\/\" \/>\n<meta property=\"og:site_name\" content=\"H\u00f4tel Point France\" \/>\n<meta property=\"article:publisher\" content=\"https:\/\/www.facebook.com\/Hotel.Point.France\/\" \/>\n<meta property=\"article:modified_time\" content=\"2022-04-05T20:58:33+00:00\" \/>\n<meta property=\"og:image\" content=\"https:\/\/hotelpointfrance.com\/wp-content\/uploads\/2022\/03\/chambre-rouge-luxe-hotel-point-france-1300x650.png\" \/>\n<meta name=\"twitter:card\" content=\"summary_large_image\" \/>\n<script type=\"application\/ld+json\" class=\"yoast-schema-graph\">{\"@context\":\"https:\\\/\\\/schema.org\",\"@graph\":[{\"@type\":\"WebPage\",\"@id\":\"https:\\\/\\\/hotelpointfrance.com\\\/en\\\/gallery\\\/\",\"url\":\"https:\\\/\\\/hotelpointfrance.com\\\/en\\\/gallery\\\/\",\"name\":\"Gallery - H\u00f4tel Point France\",\"isPartOf\":{\"@id\":\"https:\\\/\\\/hotelpointfrance.com\\\/en\\\/#website\"},\"primaryImageOfPage\":{\"@id\":\"https:\\\/\\\/hotelpointfrance.com\\\/en\\\/gallery\\\/#primaryimage\"},\"image\":{\"@id\":\"https:\\\/\\\/hotelpointfrance.com\\\/en\\\/gallery\\\/#primaryimage\"},\"thumbnailUrl\":\"https:\\\/\\\/hotelpointfrance.com\\\/wp-content\\\/uploads\\\/2022\\\/03\\\/chambre-rouge-luxe-hotel-point-france-1300x650.png\",\"datePublished\":\"2020-12-14T14:09:17+00:00\",\"dateModified\":\"2022-04-05T20:58:33+00:00\",\"breadcrumb\":{\"@id\":\"https:\\\/\\\/hotelpointfrance.com\\\/en\\\/gallery\\\/#breadcrumb\"},\"inLanguage\":\"en-US\",\"potentialAction\":[{\"@type\":\"ReadAction\",\"target\":[\"https:\\\/\\\/hotelpointfrance.com\\\/en\\\/gallery\\\/\"]}]},{\"@type\":\"ImageObject\",\"inLanguage\":\"en-US\",\"@id\":\"https:\\\/\\\/hotelpointfrance.com\\\/en\\\/gallery\\\/#primaryimage\",\"url\":\"https:\\\/\\\/hotelpointfrance.com\\\/wp-content\\\/uploads\\\/2022\\\/03\\\/chambre-rouge-luxe-hotel-point-france-1300x650.png\",\"contentUrl\":\"https:\\\/\\\/hotelpointfrance.com\\\/wp-content\\\/uploads\\\/2022\\\/03\\\/chambre-rouge-luxe-hotel-point-france-1300x650.png\"},{\"@type\":\"BreadcrumbList\",\"@id\":\"https:\\\/\\\/hotelpointfrance.com\\\/en\\\/gallery\\\/#breadcrumb\",\"itemListElement\":[{\"@type\":\"ListItem\",\"position\":1,\"name\":\"Home\",\"item\":\"https:\\\/\\\/hotelpointfrance.com\\\/en\\\/\"},{\"@type\":\"ListItem\",\"position\":2,\"name\":\"Gallery\"}]},{\"@type\":\"WebSite\",\"@id\":\"https:\\\/\\\/hotelpointfrance.com\\\/en\\\/#website\",\"url\":\"https:\\\/\\\/hotelpointfrance.com\\\/en\\\/\",\"name\":\"H\u00f4tel Point France\",\"description\":\"H\u00f4tel 4 \u00e9toiles \u00e0 Arcachon\",\"publisher\":{\"@id\":\"https:\\\/\\\/hotelpointfrance.com\\\/en\\\/#organization\"},\"potentialAction\":[{\"@type\":\"SearchAction\",\"target\":{\"@type\":\"EntryPoint\",\"urlTemplate\":\"https:\\\/\\\/hotelpointfrance.com\\\/en\\\/?s={search_term_string}\"},\"query-input\":{\"@type\":\"PropertyValueSpecification\",\"valueRequired\":true,\"valueName\":\"search_term_string\"}}],\"inLanguage\":\"en-US\"},{\"@type\":\"Organization\",\"@id\":\"https:\\\/\\\/hotelpointfrance.com\\\/en\\\/#organization\",\"name\":\"H\u00f4tel Point France\",\"url\":\"https:\\\/\\\/hotelpointfrance.com\\\/en\\\/\",\"logo\":{\"@type\":\"ImageObject\",\"inLanguage\":\"en-US\",\"@id\":\"https:\\\/\\\/hotelpointfrance.com\\\/en\\\/#\\\/schema\\\/logo\\\/image\\\/\",\"url\":\"https:\\\/\\\/i0.wp.com\\\/hotelpointfrance.com\\\/wp-content\\\/uploads\\\/2022\\\/03\\\/logo-mobile-arcachon-hotel-point-france.png?fit=300%2C150&ssl=1\",\"contentUrl\":\"https:\\\/\\\/i0.wp.com\\\/hotelpointfrance.com\\\/wp-content\\\/uploads\\\/2022\\\/03\\\/logo-mobile-arcachon-hotel-point-france.png?fit=300%2C150&ssl=1\",\"width\":300,\"height\":150,\"caption\":\"H\u00f4tel Point France\"},\"image\":{\"@id\":\"https:\\\/\\\/hotelpointfrance.com\\\/en\\\/#\\\/schema\\\/logo\\\/image\\\/\"},\"sameAs\":[\"https:\\\/\\\/www.facebook.com\\\/Hotel.Point.France\\\/\"]}]}<\/script>\n<!-- \/ Yoast SEO plugin. -->","yoast_head_json":{"title":"Gallery - H\u00f4tel Point France","robots":{"index":"index","follow":"follow","max-snippet":"max-snippet:-1","max-image-preview":"max-image-preview:large","max-video-preview":"max-video-preview:-1"},"canonical":"https:\/\/hotelpointfrance.com\/en\/gallery\/","og_locale":"en_US","og_type":"article","og_title":"Gallery - H\u00f4tel Point France","og_description":"R\u00e9server","og_url":"https:\/\/hotelpointfrance.com\/en\/gallery\/","og_site_name":"H\u00f4tel Point France","article_publisher":"https:\/\/www.facebook.com\/Hotel.Point.France\/","article_modified_time":"2022-04-05T20:58:33+00:00","og_image":[{"url":"https:\/\/hotelpointfrance.com\/wp-content\/uploads\/2022\/03\/chambre-rouge-luxe-hotel-point-france-1300x650.png","type":"","width":"","height":""}],"twitter_card":"summary_large_image","schema":{"@context":"https:\/\/schema.org","@graph":[{"@type":"WebPage","@id":"https:\/\/hotelpointfrance.com\/en\/gallery\/","url":"https:\/\/hotelpointfrance.com\/en\/gallery\/","name":"Gallery - H\u00f4tel Point France","isPartOf":{"@id":"https:\/\/hotelpointfrance.com\/en\/#website"},"primaryImageOfPage":{"@id":"https:\/\/hotelpointfrance.com\/en\/gallery\/#primaryimage"},"image":{"@id":"https:\/\/hotelpointfrance.com\/en\/gallery\/#primaryimage"},"thumbnailUrl":"https:\/\/hotelpointfrance.com\/wp-content\/uploads\/2022\/03\/chambre-rouge-luxe-hotel-point-france-1300x650.png","datePublished":"2020-12-14T14:09:17+00:00","dateModified":"2022-04-05T20:58:33+00:00","breadcrumb":{"@id":"https:\/\/hotelpointfrance.com\/en\/gallery\/#breadcrumb"},"inLanguage":"en-US","potentialAction":[{"@type":"ReadAction","target":["https:\/\/hotelpointfrance.com\/en\/gallery\/"]}]},{"@type":"ImageObject","inLanguage":"en-US","@id":"https:\/\/hotelpointfrance.com\/en\/gallery\/#primaryimage","url":"https:\/\/hotelpointfrance.com\/wp-content\/uploads\/2022\/03\/chambre-rouge-luxe-hotel-point-france-1300x650.png","contentUrl":"https:\/\/hotelpointfrance.com\/wp-content\/uploads\/2022\/03\/chambre-rouge-luxe-hotel-point-france-1300x650.png"},{"@type":"BreadcrumbList","@id":"https:\/\/hotelpointfrance.com\/en\/gallery\/#breadcrumb","itemListElement":[{"@type":"ListItem","position":1,"name":"Home","item":"https:\/\/hotelpointfrance.com\/en\/"},{"@type":"ListItem","position":2,"name":"Gallery"}]},{"@type":"WebSite","@id":"https:\/\/hotelpointfrance.com\/en\/#website","url":"https:\/\/hotelpointfrance.com\/en\/","name":"H\u00f4tel Point France","description":"H\u00f4tel 4 \u00e9toiles \u00e0 Arcachon","publisher":{"@id":"https:\/\/hotelpointfrance.com\/en\/#organization"},"potentialAction":[{"@type":"SearchAction","target":{"@type":"EntryPoint","urlTemplate":"https:\/\/hotelpointfrance.com\/en\/?s={search_term_string}"},"query-input":{"@type":"PropertyValueSpecification","valueRequired":true,"valueName":"search_term_string"}}],"inLanguage":"en-US"},{"@type":"Organization","@id":"https:\/\/hotelpointfrance.com\/en\/#organization","name":"H\u00f4tel Point France","url":"https:\/\/hotelpointfrance.com\/en\/","logo":{"@type":"ImageObject","inLanguage":"en-US","@id":"https:\/\/hotelpointfrance.com\/en\/#\/schema\/logo\/image\/","url":"https:\/\/i0.wp.com\/hotelpointfrance.com\/wp-content\/uploads\/2022\/03\/logo-mobile-arcachon-hotel-point-france.png?fit=300%2C150&ssl=1","contentUrl":"https:\/\/i0.wp.com\/hotelpointfrance.com\/wp-content\/uploads\/2022\/03\/logo-mobile-arcachon-hotel-point-france.png?fit=300%2C150&ssl=1","width":300,"height":150,"caption":"H\u00f4tel Point France"},"image":{"@id":"https:\/\/hotelpointfrance.com\/en\/#\/schema\/logo\/image\/"},"sameAs":["https:\/\/www.facebook.com\/Hotel.Point.France\/"]}]}},"jetpack_sharing_enabled":true,"_links":{"self":[{"href":"https:\/\/hotelpointfrance.com\/en\/wp-json\/wp\/v2\/pages\/17176","targetHints":{"allow":["GET"]}}],"collection":[{"href":"https:\/\/hotelpointfrance.com\/en\/wp-json\/wp\/v2\/pages"}],"about":[{"href":"https:\/\/hotelpointfrance.com\/en\/wp-json\/wp\/v2\/types\/page"}],"author":[{"embeddable":true,"href":"https:\/\/hotelpointfrance.com\/en\/wp-json\/wp\/v2\/users\/1"}],"replies":[{"embeddable":true,"href":"https:\/\/hotelpointfrance.com\/en\/wp-json\/wp\/v2\/comments?post=17176"}],"version-history":[{"count":0,"href":"https:\/\/hotelpointfrance.com\/en\/wp-json\/wp\/v2\/pages\/17176\/revisions"}],"wp:attachment":[{"href":"https:\/\/hotelpointfrance.com\/en\/wp-json\/wp\/v2\/media?parent=17176"}],"curies":[{"name":"wp","href":"https:\/\/api.w.org\/{rel}","templated":true}]}}