{"id":17182,"date":"2022-02-15T16:09:05","date_gmt":"2022-02-15T16:09:05","guid":{"rendered":"https:\/\/hotelpointfrance.com\/seminar\/"},"modified":"2022-11-10T09:39:50","modified_gmt":"2022-11-10T09:39:50","slug":"seminar","status":"publish","type":"page","link":"https:\/\/hotelpointfrance.com\/en\/event\/seminar\/","title":{"rendered":"Seminar"},"content":{"rendered":"\t\t<div data-elementor-type=\"wp-page\" data-elementor-id=\"17182\" class=\"elementor elementor-17182\">\n\t\t\t\t\t\t<section class=\"elementor-section elementor-top-section elementor-element elementor-element-269c446 elementor-section-full_width elementor-section-height-default elementor-section-height-default qodef-elementor-content-no\" data-id=\"269c446\" data-element_type=\"section\" data-e-type=\"section\">\n\t\t\t\t\t\t<div class=\"elementor-container elementor-column-gap-default\">\n\t\t\t\t\t<div class=\"elementor-column elementor-col-100 elementor-top-column elementor-element elementor-element-429e7668\" data-id=\"429e7668\" data-element_type=\"column\" data-e-type=\"column\">\n\t\t\t<div class=\"elementor-widget-wrap elementor-element-populated\">\n\t\t\t\t\t\t<div class=\"elementor-element elementor-element-2134725d elementor-widget__width-initial elementor-widget-tablet__width-initial elementor-widget elementor-widget-augustine_core_section_title\" data-id=\"2134725d\" data-element_type=\"widget\" data-e-type=\"widget\" data-widget_type=\"augustine_core_section_title.default\">\n\t\t\t\t<div class=\"elementor-widget-container\">\n\t\t\t\t\t<div class=\"qodef-shortcode qodef-m  qodef-section-title qodef-alignment--left qodef-title-break--disabled    \">\n\t\t\t\t<h2 class=\"qodef-m-title\" >\n\t\t\t\t\tBRING TOGETHER YOUR<br \/> TEAMS FOR A MEMORABLE SEMINAR\t\t\t<\/h2>\n\t\t<\/div>\t\t\t\t<\/div>\n\t\t\t\t<\/div>\n\t\t\t\t\t<\/div>\n\t\t<\/div>\n\t\t\t\t\t<\/div>\n\t\t<\/section>\n\t\t\t\t<section class=\"elementor-section elementor-top-section elementor-element elementor-element-9b2923c qodef-elementor-content-grid elementor-section-boxed elementor-section-height-default elementor-section-height-default\" data-id=\"9b2923c\" data-element_type=\"section\" data-e-type=\"section\">\n\t\t\t\t\t\t<div class=\"elementor-container elementor-column-gap-default\">\n\t\t\t\t\t<div class=\"elementor-column elementor-col-50 elementor-top-column elementor-element elementor-element-d0abee9\" data-id=\"d0abee9\" data-element_type=\"column\" data-e-type=\"column\">\n\t\t\t<div class=\"elementor-widget-wrap elementor-element-populated\">\n\t\t\t\t\t\t<div class=\"elementor-element elementor-element-1db6ffe elementor-widget__width-initial elementor-widget elementor-widget-text-editor\" data-id=\"1db6ffe\" data-element_type=\"widget\" data-e-type=\"widget\" data-widget_type=\"text-editor.default\">\n\t\t\t\t<div class=\"elementor-widget-container\">\n\t\t\t\t\t\t\t\t\t<p><span style=\"font-weight: 400;\">Meet as a team, take stock of the results of the year, prepare together the objectives to be achieved\u2026 All the excuses are good to organize a seminar. Then make this moment even more pleasant for your employees by offering them an event in Arcachon. Find the ideal room, and carry out a seminar in your image from April to October! <\/span><\/p>\t\t\t\t\t\t\t\t<\/div>\n\t\t\t\t<\/div>\n\t\t\t\t\t<\/div>\n\t\t<\/div>\n\t\t\t\t<div class=\"elementor-column elementor-col-50 elementor-top-column elementor-element elementor-element-a05f9e8\" data-id=\"a05f9e8\" data-element_type=\"column\" data-e-type=\"column\">\n\t\t\t<div class=\"elementor-widget-wrap elementor-element-populated\">\n\t\t\t\t\t\t<div class=\"elementor-element elementor-element-40c816a elementor-widget__width-initial elementor-widget elementor-widget-text-editor\" data-id=\"40c816a\" data-element_type=\"widget\" data-e-type=\"widget\" data-widget_type=\"text-editor.default\">\n\t\t\t\t<div class=\"elementor-widget-container\">\n\t\t\t\t\t\t\t\t\t<p><span style=\"font-weight: 400;\">Hotel Point France therefore helps you find the room best suited to your needs for your event. We also favor an eco-responsible attitude by only offering you places located within a restricted area, so that all your trips can be made on foot. A good stay for your health, and for Arcachon! <\/span><\/p>\t\t\t\t\t\t\t\t<\/div>\n\t\t\t\t<\/div>\n\t\t\t\t\t<\/div>\n\t\t<\/div>\n\t\t\t\t\t<\/div>\n\t\t<\/section>\n\t\t\t\t<section class=\"elementor-section elementor-top-section elementor-element elementor-element-6febf98c elementor-section-boxed elementor-section-height-default elementor-section-height-default qodef-elementor-content-no\" data-id=\"6febf98c\" data-element_type=\"section\" data-e-type=\"section\">\n\t\t\t\t\t\t<div class=\"elementor-container elementor-column-gap-default\">\n\t\t\t\t\t<div class=\"elementor-column elementor-col-100 elementor-top-column elementor-element elementor-element-20d435a4\" data-id=\"20d435a4\" data-element_type=\"column\" data-e-type=\"column\">\n\t\t\t<div class=\"elementor-widget-wrap elementor-element-populated\">\n\t\t\t\t\t\t<div class=\"elementor-element elementor-element-1a98f93a elementor-widget__width-auto elementor-widget elementor-widget-augustine_core_button\" data-id=\"1a98f93a\" data-element_type=\"widget\" data-e-type=\"widget\" data-widget_type=\"augustine_core_button.default\">\n\t\t\t\t<div class=\"elementor-widget-container\">\n\t\t\t\t\t<a class=\"qodef-shortcode qodef-m  qodef-button qodef-layout--filled  qodef-html--link \" href=\"https:\/\/hotelpointfrance.com\/en\/evenement\/#form\" target=\"_self\"  style=\"font-size: 15px\">\n\t<span class=\"qodef-m-text\">Organise your seminar<\/span>\n<\/a>\t\t\t\t<\/div>\n\t\t\t\t<\/div>\n\t\t\t\t\t<\/div>\n\t\t<\/div>\n\t\t\t\t\t<\/div>\n\t\t<\/section>\n\t\t\t\t<section class=\"elementor-section elementor-top-section elementor-element elementor-element-7d87f561 qodef-elementor-content-grid elementor-section-boxed elementor-section-height-default elementor-section-height-default\" data-id=\"7d87f561\" data-element_type=\"section\" data-e-type=\"section\" data-settings=\"{&quot;background_background&quot;:&quot;classic&quot;}\">\n\t\t\t\t\t\t<div class=\"elementor-container elementor-column-gap-default\">\n\t\t\t\t\t<div class=\"elementor-column elementor-col-33 elementor-top-column elementor-element elementor-element-34b29f12\" data-id=\"34b29f12\" data-element_type=\"column\" data-e-type=\"column\">\n\t\t\t<div class=\"elementor-widget-wrap elementor-element-populated\">\n\t\t\t\t\t\t<div class=\"elementor-element elementor-element-38eb0d1e elementor-widget elementor-widget-augustine_core_pricing_table\" data-id=\"38eb0d1e\" data-element_type=\"widget\" data-e-type=\"widget\" data-widget_type=\"augustine_core_pricing_table.default\">\n\t\t\t\t<div class=\"elementor-widget-container\">\n\t\t\t\t\t<div class=\"qodef-shortcode qodef-m  qodef-pricing-table qodef-layout--standard qodef-status--regular\" >\n\t<div class=\"qodef-m-inner\">\n\t\t\t<div class=\"qodef-m-title\">\n\t\t<h5 >Who is it for?<\/h5>\n\t<\/div>\n\t\t\t\t\t<div class=\"qodef-m-content\"><p>\u2713 Your HR team<\/p><p>\u2713 Your sales team<\/p><p>\u2713 Your Heads of Department<\/p><p>\u2713 Your partners<\/p><p>\u2713 All your employee<\/p><\/div>\n\t\t\t<div class=\"qodef-m-button clear\">\n\t\t<a class=\"qodef-shortcode qodef-m  qodef-button qodef-layout--textual  qodef-html--link \" href=\"\" target=\"_self\"  style=\"margin: 0\">\t<span class=\"qodef-m-text\"><\/span><\/a>\t<\/div>\n\t<\/div>\n<\/div>\t\t\t\t<\/div>\n\t\t\t\t<\/div>\n\t\t\t\t\t<\/div>\n\t\t<\/div>\n\t\t\t\t<div class=\"elementor-column elementor-col-33 elementor-top-column elementor-element elementor-element-21eb27d9\" data-id=\"21eb27d9\" data-element_type=\"column\" data-e-type=\"column\">\n\t\t\t<div class=\"elementor-widget-wrap elementor-element-populated\">\n\t\t\t\t\t\t<div class=\"elementor-element elementor-element-3573e502 elementor-widget elementor-widget-augustine_core_pricing_table\" data-id=\"3573e502\" data-element_type=\"widget\" data-e-type=\"widget\" data-widget_type=\"augustine_core_pricing_table.default\">\n\t\t\t\t<div class=\"elementor-widget-container\">\n\t\t\t\t\t<div class=\"qodef-shortcode qodef-m  qodef-pricing-table qodef-layout--standard qodef-status--featured\" >\n\t<div class=\"qodef-m-inner\">\n\t\t\t<div class=\"qodef-m-title\">\n\t\t<h5 >What?<\/h5>\n\t<\/div>\n\t\t\t\t\t<div class=\"qodef-m-content\"><p>\u2713 Private office<\/p><p>\u2713 A seminar room<\/p><p>\u2713 An open space<\/p><p>\u2713 A business space<\/p><p>\u2713 Comfortable spaces <\/p><\/div>\n\t\t\t<div class=\"qodef-m-button clear\">\n\t\t<a class=\"qodef-shortcode qodef-m  qodef-button qodef-layout--textual  qodef-html--link \" href=\"\" target=\"_self\"  style=\"margin: 0\">\t<span class=\"qodef-m-text\"><\/span><\/a>\t<\/div>\n\t<\/div>\n<\/div>\t\t\t\t<\/div>\n\t\t\t\t<\/div>\n\t\t\t\t\t<\/div>\n\t\t<\/div>\n\t\t\t\t<div class=\"elementor-column elementor-col-33 elementor-top-column elementor-element elementor-element-3661e611\" data-id=\"3661e611\" data-element_type=\"column\" data-e-type=\"column\">\n\t\t\t<div class=\"elementor-widget-wrap elementor-element-populated\">\n\t\t\t\t\t\t<div class=\"elementor-element elementor-element-3d17f32f elementor-widget elementor-widget-augustine_core_pricing_table\" data-id=\"3d17f32f\" data-element_type=\"widget\" data-e-type=\"widget\" data-widget_type=\"augustine_core_pricing_table.default\">\n\t\t\t\t<div class=\"elementor-widget-container\">\n\t\t\t\t\t<div class=\"qodef-shortcode qodef-m  qodef-pricing-table qodef-layout--standard qodef-status--regular\" >\n\t<div class=\"qodef-m-inner\">\n\t\t\t<div class=\"qodef-m-title\">\n\t\t<h5 >Where?<\/h5>\n\t<\/div>\n\t\t\t\t\t<div class=\"qodef-m-content\"><p>\u2713 In Arcachon<\/p><p>\u2713 In the town centre<\/p><p>\u2713 <a href=\"https:\/\/www.start-way.com\/project\/espace-coworking-arcachon\/\">Coworking Startway<\/a><\/p><p>\u2713 Within the hotel<\/p><p>\u2713 A space adapted to your needs<\/p><p><span style=\"font-weight: 400;\">\u00a0<\/span><\/p><\/div>\n\t\t\t<div class=\"qodef-m-button clear\">\n\t\t<a class=\"qodef-shortcode qodef-m  qodef-button qodef-layout--textual  qodef-html--link \" href=\"\" target=\"_self\"  style=\"margin: 0\">\t<span class=\"qodef-m-text\"><\/span><\/a>\t<\/div>\n\t<\/div>\n<\/div>\t\t\t\t<\/div>\n\t\t\t\t<\/div>\n\t\t\t\t\t<\/div>\n\t\t<\/div>\n\t\t\t\t\t<\/div>\n\t\t<\/section>\n\t\t\t\t<section class=\"elementor-section elementor-top-section elementor-element elementor-element-95c20c5 elementor-section-boxed elementor-section-height-default elementor-section-height-default qodef-elementor-content-no\" data-id=\"95c20c5\" data-element_type=\"section\" data-e-type=\"section\">\n\t\t\t\t\t\t<div class=\"elementor-container elementor-column-gap-default\">\n\t\t\t\t\t<div class=\"elementor-column elementor-col-100 elementor-top-column elementor-element elementor-element-973fe6e\" data-id=\"973fe6e\" data-element_type=\"column\" data-e-type=\"column\">\n\t\t\t<div class=\"elementor-widget-wrap elementor-element-populated\">\n\t\t\t\t\t\t<div class=\"elementor-element elementor-element-a18ad34 elementor-widget__width-auto elementor-widget elementor-widget-augustine_core_button\" data-id=\"a18ad34\" data-element_type=\"widget\" data-e-type=\"widget\" data-widget_type=\"augustine_core_button.default\">\n\t\t\t\t<div class=\"elementor-widget-container\">\n\t\t\t\t\t<a class=\"qodef-shortcode qodef-m  qodef-button qodef-layout--filled  qodef-html--link \" href=\"https:\/\/hotelpointfrance.com\/en\/evenement\/#form\" target=\"_self\"  style=\"font-size: 15px\">\n\t<span class=\"qodef-m-text\">Organise your seminar<\/span>\n<\/a>\t\t\t\t<\/div>\n\t\t\t\t<\/div>\n\t\t\t\t\t<\/div>\n\t\t<\/div>\n\t\t\t\t\t<\/div>\n\t\t<\/section>\n\t\t\t\t<section class=\"elementor-section elementor-top-section elementor-element elementor-element-74bcf937 qodef-elementor-content-grid qodef-row-light-class elementor-section-boxed elementor-section-height-default elementor-section-height-default\" data-id=\"74bcf937\" data-element_type=\"section\" data-e-type=\"section\" data-settings=\"{&quot;background_background&quot;:&quot;classic&quot;}\">\n\t\t\t\t\t\t\t<div class=\"elementor-background-overlay\"><\/div>\n\t\t\t\t\t\t\t<div class=\"elementor-container elementor-column-gap-default\">\n\t\t\t\t\t<div class=\"elementor-column elementor-col-100 elementor-top-column elementor-element elementor-element-f395c5\" data-id=\"f395c5\" data-element_type=\"column\" data-e-type=\"column\">\n\t\t\t<div class=\"elementor-widget-wrap elementor-element-populated\">\n\t\t\t\t\t\t<div class=\"elementor-element elementor-element-6e89130d elementor-widget__width-auto elementor-widget elementor-widget-text-editor\" data-id=\"6e89130d\" data-element_type=\"widget\" data-e-type=\"widget\" data-widget_type=\"text-editor.default\">\n\t\t\t\t<div class=\"elementor-widget-container\">\n\t\t\t\t\t\t\t\t\t<h2 style=\"text-align: center;\"><span style=\"color: #ffffff;\">Your eco-responsible seminars on the Bassin d&#8217;Arcachon<br><\/span><\/h2><p style=\"text-align: center;\"><span style=\"font-weight: 400; color: #ffffff;\">The Hotel Point France has been promoting a CSR approach for many years now. Resolutely turned towards the protection of the environment, water management and well-being, the hotel therefore surrounds itself with trusted partners to organize seminars borrowing from the values of respect for nature and people. The Bassin d&#8217;Arcachon also aims to develop sustainable tourism to preserve its exceptional ecosystem. H\u00f4tel Point France therefore joins it, contributing on its own scale to protecting the body of water and raising awareness of the challenges of eco-tourism, including for business tourism.<br><\/span><\/p><p style=\"text-align: center;\"><span style=\"font-weight: 400; color: #ffffff;\">Also, as part of your seminars and other professional events, we design your entire stay with respect for the Arcachon lifestyle. Your professional seminar is then designed in accordance with our commitments, while allowing you to organize your event around a very wide choice of activities.<\/span><\/p>\t\t\t\t\t\t\t\t<\/div>\n\t\t\t\t<\/div>\n\t\t\t\t\t<\/div>\n\t\t<\/div>\n\t\t\t\t\t<\/div>\n\t\t<\/section>\n\t\t\t\t<section class=\"elementor-section elementor-top-section elementor-element elementor-element-18aed95d qodef-elementor-content-grid elementor-section-boxed elementor-section-height-default elementor-section-height-default\" data-id=\"18aed95d\" data-element_type=\"section\" data-e-type=\"section\">\n\t\t\t\t\t\t<div class=\"elementor-container elementor-column-gap-default\">\n\t\t\t\t\t<div class=\"elementor-column elementor-col-50 elementor-top-column elementor-element elementor-element-da91ea7\" data-id=\"da91ea7\" data-element_type=\"column\" data-e-type=\"column\">\n\t\t\t<div class=\"elementor-widget-wrap elementor-element-populated\">\n\t\t\t\t\t\t<div class=\"elementor-element elementor-element-4aa08d8a elementor-widget elementor-widget-augustine_core_section_title\" data-id=\"4aa08d8a\" data-element_type=\"widget\" data-e-type=\"widget\" data-widget_type=\"augustine_core_section_title.default\">\n\t\t\t\t<div class=\"elementor-widget-container\">\n\t\t\t\t\t<div class=\"qodef-shortcode qodef-m  qodef-section-title qodef-alignment--left qodef-title-break--disabled   qodef-separator-appear \">\n\t\t\t<p class=\"qodef-m-subtitle\" >Seminar<\/p>\n\t\t<h2 class=\"qodef-m-title\" style=\"margin-top: -5px\">\n\t\t\t\t\tA MIXED WORK - LEISURE PROGRAMME FOR AN ENRICHING EXPERIENCE.\t\t\t<\/h2>\n\t\t<\/div>\t\t\t\t<\/div>\n\t\t\t\t<\/div>\n\t\t\t\t\t<\/div>\n\t\t<\/div>\n\t\t\t\t<div class=\"elementor-column elementor-col-50 elementor-top-column elementor-element elementor-element-48113632\" data-id=\"48113632\" data-element_type=\"column\" data-e-type=\"column\">\n\t\t\t<div class=\"elementor-widget-wrap elementor-element-populated\">\n\t\t\t\t\t\t<div class=\"elementor-element elementor-element-3645b73e elementor-widget elementor-widget-text-editor\" data-id=\"3645b73e\" data-element_type=\"widget\" data-e-type=\"widget\" data-widget_type=\"text-editor.default\">\n\t\t\t\t<div class=\"elementor-widget-container\">\n\t\t\t\t\t\t\t\t\t<p>Organizing a seminar in Arcachon is also the perfect opportunity to offer a mixed program to its teams. Thus, Hotel Point France asks its partners, both to find you a work room adapted to your needs, and to make you enjoy the leisure activities of the Bassin d&#8217;Arcachon. After a morning&#8217;s work, why not devote an afternoon to discovering the territory by boat, horse or bike? Or even book an evening show at the Casino, a stone&#8217;s throw from the hotel.<\/p>\t\t\t\t\t\t\t\t<\/div>\n\t\t\t\t<\/div>\n\t\t\t\t\t<\/div>\n\t\t<\/div>\n\t\t\t\t\t<\/div>\n\t\t<\/section>\n\t\t\t\t<section class=\"elementor-section elementor-top-section elementor-element elementor-element-1a768a0 elementor-section-boxed elementor-section-height-default elementor-section-height-default qodef-elementor-content-no\" data-id=\"1a768a0\" data-element_type=\"section\" data-e-type=\"section\">\n\t\t\t\t\t\t<div class=\"elementor-container elementor-column-gap-default\">\n\t\t\t\t\t<div class=\"elementor-column elementor-col-100 elementor-top-column elementor-element elementor-element-59cdac4\" data-id=\"59cdac4\" data-element_type=\"column\" data-e-type=\"column\">\n\t\t\t<div class=\"elementor-widget-wrap elementor-element-populated\">\n\t\t\t\t\t\t<div class=\"elementor-element elementor-element-cc1eb51 elementor-widget__width-auto elementor-widget elementor-widget-augustine_core_button\" data-id=\"cc1eb51\" data-element_type=\"widget\" data-e-type=\"widget\" data-widget_type=\"augustine_core_button.default\">\n\t\t\t\t<div class=\"elementor-widget-container\">\n\t\t\t\t\t<a class=\"qodef-shortcode qodef-m  qodef-button qodef-layout--filled  qodef-html--link \" href=\"https:\/\/hotelpointfrance.com\/en\/evenement\/#form\" target=\"_self\"  style=\"font-size: 15px\">\n\t<span class=\"qodef-m-text\">Organise your seminar<\/span>\n<\/a>\t\t\t\t<\/div>\n\t\t\t\t<\/div>\n\t\t\t\t\t<\/div>\n\t\t<\/div>\n\t\t\t\t\t<\/div>\n\t\t<\/section>\n\t\t\t\t<\/div>\n\t\t","protected":false},"excerpt":{"rendered":"<p>BRING TOGETHER YOUR TEAMS FOR A MEMORABLE SEMINAR Meet as a team, take stock of the results of the year, prepare together the objectives to be achieved\u2026 All the excuses are good to organize a seminar. Then make this moment even more pleasant for your employees by offering them an event in Arcachon. Find the [&hellip;]<\/p>\n","protected":false},"author":1,"featured_media":0,"parent":17195,"menu_order":0,"comment_status":"closed","ping_status":"closed","template":"page-full-width.php","meta":{"_coblocks_attr":"","_coblocks_dimensions":"","_coblocks_responsive_height":"","_coblocks_accordion_ie_support":"","footnotes":""},"class_list":["post-17182","page","type-page","status-publish","hentry"],"yoast_head":"<!-- This site is optimized with the Yoast SEO plugin v27.5 - https:\/\/yoast.com\/product\/yoast-seo-wordpress\/ -->\n<title>Seminar - H\u00f4tel Point France<\/title>\n<meta name=\"description\" content=\"For your seminar in Arcachon and other professional events, trust Hotel Point France and its partners.\" \/>\n<meta name=\"robots\" content=\"index, follow, max-snippet:-1, max-image-preview:large, max-video-preview:-1\" \/>\n<link rel=\"canonical\" href=\"https:\/\/hotelpointfrance.com\/en\/event\/seminar\/\" \/>\n<meta property=\"og:locale\" content=\"en_US\" \/>\n<meta property=\"og:type\" content=\"article\" \/>\n<meta property=\"og:title\" content=\"Seminar - H\u00f4tel Point France\" \/>\n<meta property=\"og:description\" content=\"For your seminar in Arcachon and other professional events, trust Hotel Point France and its partners.\" \/>\n<meta property=\"og:url\" content=\"https:\/\/hotelpointfrance.com\/en\/event\/seminar\/\" \/>\n<meta property=\"og:site_name\" content=\"H\u00f4tel Point France\" \/>\n<meta property=\"article:publisher\" content=\"https:\/\/www.facebook.com\/Hotel.Point.France\/\" \/>\n<meta property=\"article:modified_time\" content=\"2022-11-10T09:39:50+00:00\" \/>\n<meta name=\"twitter:card\" content=\"summary_large_image\" \/>\n<meta name=\"twitter:label1\" content=\"Est. reading time\" \/>\n\t<meta name=\"twitter:data1\" content=\"2 minutes\" \/>\n<script type=\"application\/ld+json\" class=\"yoast-schema-graph\">{\"@context\":\"https:\\\/\\\/schema.org\",\"@graph\":[{\"@type\":\"WebPage\",\"@id\":\"https:\\\/\\\/hotelpointfrance.com\\\/en\\\/event\\\/seminar\\\/\",\"url\":\"https:\\\/\\\/hotelpointfrance.com\\\/en\\\/event\\\/seminar\\\/\",\"name\":\"Seminar - H\u00f4tel Point France\",\"isPartOf\":{\"@id\":\"https:\\\/\\\/hotelpointfrance.com\\\/en\\\/#website\"},\"datePublished\":\"2022-02-15T16:09:05+00:00\",\"dateModified\":\"2022-11-10T09:39:50+00:00\",\"description\":\"For your seminar in Arcachon and other professional events, trust Hotel Point France and its partners.\",\"breadcrumb\":{\"@id\":\"https:\\\/\\\/hotelpointfrance.com\\\/en\\\/event\\\/seminar\\\/#breadcrumb\"},\"inLanguage\":\"en-US\",\"potentialAction\":[{\"@type\":\"ReadAction\",\"target\":[\"https:\\\/\\\/hotelpointfrance.com\\\/en\\\/event\\\/seminar\\\/\"]}]},{\"@type\":\"BreadcrumbList\",\"@id\":\"https:\\\/\\\/hotelpointfrance.com\\\/en\\\/event\\\/seminar\\\/#breadcrumb\",\"itemListElement\":[{\"@type\":\"ListItem\",\"position\":1,\"name\":\"Home\",\"item\":\"https:\\\/\\\/hotelpointfrance.com\\\/en\\\/\"},{\"@type\":\"ListItem\",\"position\":2,\"name\":\"Event\",\"item\":\"https:\\\/\\\/hotelpointfrance.com\\\/en\\\/evenement\\\/\"},{\"@type\":\"ListItem\",\"position\":3,\"name\":\"Seminar\"}]},{\"@type\":\"WebSite\",\"@id\":\"https:\\\/\\\/hotelpointfrance.com\\\/en\\\/#website\",\"url\":\"https:\\\/\\\/hotelpointfrance.com\\\/en\\\/\",\"name\":\"H\u00f4tel Point France\",\"description\":\"H\u00f4tel 4 \u00e9toiles \u00e0 Arcachon\",\"publisher\":{\"@id\":\"https:\\\/\\\/hotelpointfrance.com\\\/en\\\/#organization\"},\"potentialAction\":[{\"@type\":\"SearchAction\",\"target\":{\"@type\":\"EntryPoint\",\"urlTemplate\":\"https:\\\/\\\/hotelpointfrance.com\\\/en\\\/?s={search_term_string}\"},\"query-input\":{\"@type\":\"PropertyValueSpecification\",\"valueRequired\":true,\"valueName\":\"search_term_string\"}}],\"inLanguage\":\"en-US\"},{\"@type\":\"Organization\",\"@id\":\"https:\\\/\\\/hotelpointfrance.com\\\/en\\\/#organization\",\"name\":\"H\u00f4tel Point France\",\"url\":\"https:\\\/\\\/hotelpointfrance.com\\\/en\\\/\",\"logo\":{\"@type\":\"ImageObject\",\"inLanguage\":\"en-US\",\"@id\":\"https:\\\/\\\/hotelpointfrance.com\\\/en\\\/#\\\/schema\\\/logo\\\/image\\\/\",\"url\":\"https:\\\/\\\/i0.wp.com\\\/hotelpointfrance.com\\\/wp-content\\\/uploads\\\/2022\\\/03\\\/logo-mobile-arcachon-hotel-point-france.png?fit=300%2C150&ssl=1\",\"contentUrl\":\"https:\\\/\\\/i0.wp.com\\\/hotelpointfrance.com\\\/wp-content\\\/uploads\\\/2022\\\/03\\\/logo-mobile-arcachon-hotel-point-france.png?fit=300%2C150&ssl=1\",\"width\":300,\"height\":150,\"caption\":\"H\u00f4tel Point France\"},\"image\":{\"@id\":\"https:\\\/\\\/hotelpointfrance.com\\\/en\\\/#\\\/schema\\\/logo\\\/image\\\/\"},\"sameAs\":[\"https:\\\/\\\/www.facebook.com\\\/Hotel.Point.France\\\/\"]}]}<\/script>\n<!-- \/ Yoast SEO plugin. -->","yoast_head_json":{"title":"Seminar - H\u00f4tel Point France","description":"For your seminar in Arcachon and other professional events, trust Hotel Point France and its partners.","robots":{"index":"index","follow":"follow","max-snippet":"max-snippet:-1","max-image-preview":"max-image-preview:large","max-video-preview":"max-video-preview:-1"},"canonical":"https:\/\/hotelpointfrance.com\/en\/event\/seminar\/","og_locale":"en_US","og_type":"article","og_title":"Seminar - H\u00f4tel Point France","og_description":"For your seminar in Arcachon and other professional events, trust Hotel Point France and its partners.","og_url":"https:\/\/hotelpointfrance.com\/en\/event\/seminar\/","og_site_name":"H\u00f4tel Point France","article_publisher":"https:\/\/www.facebook.com\/Hotel.Point.France\/","article_modified_time":"2022-11-10T09:39:50+00:00","twitter_card":"summary_large_image","twitter_misc":{"Est. reading time":"2 minutes"},"schema":{"@context":"https:\/\/schema.org","@graph":[{"@type":"WebPage","@id":"https:\/\/hotelpointfrance.com\/en\/event\/seminar\/","url":"https:\/\/hotelpointfrance.com\/en\/event\/seminar\/","name":"Seminar - H\u00f4tel Point France","isPartOf":{"@id":"https:\/\/hotelpointfrance.com\/en\/#website"},"datePublished":"2022-02-15T16:09:05+00:00","dateModified":"2022-11-10T09:39:50+00:00","description":"For your seminar in Arcachon and other professional events, trust Hotel Point France and its partners.","breadcrumb":{"@id":"https:\/\/hotelpointfrance.com\/en\/event\/seminar\/#breadcrumb"},"inLanguage":"en-US","potentialAction":[{"@type":"ReadAction","target":["https:\/\/hotelpointfrance.com\/en\/event\/seminar\/"]}]},{"@type":"BreadcrumbList","@id":"https:\/\/hotelpointfrance.com\/en\/event\/seminar\/#breadcrumb","itemListElement":[{"@type":"ListItem","position":1,"name":"Home","item":"https:\/\/hotelpointfrance.com\/en\/"},{"@type":"ListItem","position":2,"name":"Event","item":"https:\/\/hotelpointfrance.com\/en\/evenement\/"},{"@type":"ListItem","position":3,"name":"Seminar"}]},{"@type":"WebSite","@id":"https:\/\/hotelpointfrance.com\/en\/#website","url":"https:\/\/hotelpointfrance.com\/en\/","name":"H\u00f4tel Point France","description":"H\u00f4tel 4 \u00e9toiles \u00e0 Arcachon","publisher":{"@id":"https:\/\/hotelpointfrance.com\/en\/#organization"},"potentialAction":[{"@type":"SearchAction","target":{"@type":"EntryPoint","urlTemplate":"https:\/\/hotelpointfrance.com\/en\/?s={search_term_string}"},"query-input":{"@type":"PropertyValueSpecification","valueRequired":true,"valueName":"search_term_string"}}],"inLanguage":"en-US"},{"@type":"Organization","@id":"https:\/\/hotelpointfrance.com\/en\/#organization","name":"H\u00f4tel Point France","url":"https:\/\/hotelpointfrance.com\/en\/","logo":{"@type":"ImageObject","inLanguage":"en-US","@id":"https:\/\/hotelpointfrance.com\/en\/#\/schema\/logo\/image\/","url":"https:\/\/i0.wp.com\/hotelpointfrance.com\/wp-content\/uploads\/2022\/03\/logo-mobile-arcachon-hotel-point-france.png?fit=300%2C150&ssl=1","contentUrl":"https:\/\/i0.wp.com\/hotelpointfrance.com\/wp-content\/uploads\/2022\/03\/logo-mobile-arcachon-hotel-point-france.png?fit=300%2C150&ssl=1","width":300,"height":150,"caption":"H\u00f4tel Point France"},"image":{"@id":"https:\/\/hotelpointfrance.com\/en\/#\/schema\/logo\/image\/"},"sameAs":["https:\/\/www.facebook.com\/Hotel.Point.France\/"]}]}},"jetpack_sharing_enabled":true,"_links":{"self":[{"href":"https:\/\/hotelpointfrance.com\/en\/wp-json\/wp\/v2\/pages\/17182","targetHints":{"allow":["GET"]}}],"collection":[{"href":"https:\/\/hotelpointfrance.com\/en\/wp-json\/wp\/v2\/pages"}],"about":[{"href":"https:\/\/hotelpointfrance.com\/en\/wp-json\/wp\/v2\/types\/page"}],"author":[{"embeddable":true,"href":"https:\/\/hotelpointfrance.com\/en\/wp-json\/wp\/v2\/users\/1"}],"replies":[{"embeddable":true,"href":"https:\/\/hotelpointfrance.com\/en\/wp-json\/wp\/v2\/comments?post=17182"}],"version-history":[{"count":0,"href":"https:\/\/hotelpointfrance.com\/en\/wp-json\/wp\/v2\/pages\/17182\/revisions"}],"up":[{"embeddable":true,"href":"https:\/\/hotelpointfrance.com\/en\/wp-json\/wp\/v2\/pages\/17195"}],"wp:attachment":[{"href":"https:\/\/hotelpointfrance.com\/en\/wp-json\/wp\/v2\/media?parent=17182"}],"curies":[{"name":"wp","href":"https:\/\/api.w.org\/{rel}","templated":true}]}}