{"id":17217,"date":"2022-02-10T16:20:10","date_gmt":"2022-02-10T16:20:10","guid":{"rendered":"https:\/\/hotelpointfrance.com\/legal-notice\/"},"modified":"2024-12-18T19:42:06","modified_gmt":"2024-12-18T19:42:06","slug":"legal-notice","status":"publish","type":"page","link":"https:\/\/hotelpointfrance.com\/en\/legal-notice\/","title":{"rendered":"Legal Notice"},"content":{"rendered":"\n<h2 class=\"wp-block-heading\" id=\"editeur\"><strong>Editor<\/strong><\/h2>\n\n\n\n<p>HOTEL POINT FRANCE<br>1 Rue Grenier<br>33120 ARCACHON<\/p>\n\n\n\n<p>RCS 306772542<\/p>\n\n\n\n<p>LLC with capital of \u20ac80,000<br>TVA INTRA. FR 68\u00a0306 772\u00a0542<br>05 57 80 48 03<\/p>\n\n\n\n<p><a href=\"mailto:contact@hotelpointfrance.com\" target=\"_blank\" rel=\"noreferrer noopener\">contact@hotelpointfrance.com<\/a><\/p>\n\n\n\n<p>Director of publication: Mr. Patrick PUJOL \u2013 +33 5 56 83 46 74 \u2013 <a href=\"mailto:contact@hotelpointfrance.com\" target=\"_blank\" rel=\"noreferrer noopener\">contact@hotelpointfrance.com<\/a><\/p>\n\n\n\n<h2 class=\"wp-block-heading\" id=\"hebergeur\"><strong>Host<\/strong><\/h2>\n\n\n\n<p>This site is hosted by: GoDaddy<\/p>\n\n\n\n<p>Headquarters 14455 N. Hayden Rd., Ste. 226<\/p>\n\n\n\n<p>Scottsdale, AZ 85260 USA<\/p>\n\n\n\n<p>Telephone: 09 75 18 70 39<\/p>\n\n\n\n<p>Fax number: (480) 624-2546<\/p>\n\n\n\n<p>Email Address: <a href=\"mailto:HQ@godaddy.com\" target=\"_blank\" rel=\"noreferrer noopener\">HQ@godaddy.com<\/a><\/p>\n\n\n\n<p>Report abuse: <a href=\"mailto:abuse@godaddy.com\" target=\"_blank\" rel=\"noreferrer noopener\">abuse@godaddy.com<\/a><\/p>\n\n\n\n<p><a href=\"https:\/\/www.godaddy.com\/\" target=\"_blank\" rel=\"noreferrer noopener\">https:\/\/www.godaddy.com\/<\/a><\/p>\n\n\n\n<p>GoDaddy.com, LLC is a wholly owned subsidiary of GoDaddy Inc.<\/p>\n\n\n\n<h2 class=\"wp-block-heading\" id=\"contenu-du-site\"><strong>Content of the site<\/strong><\/h2>\n\n\n\n<p>The information contained in this site does not imply any contractual commitment on the part of H\u00f4tel Point France, which reserves the right to modify or correct it at any time, without notice.<\/p>\n\n\n\n<h2 class=\"wp-block-heading\" id=\"donnees-personnelles\"><strong>Personal data<\/strong><\/h2>\n\n\n\n<p>In accordance with Law No. 78-17 of January 6, 1978 relating to Computing, Files and Freedoms as amended by Law No. 2004-801 of August 6, 2004, all users have a right of access , modification, rectification and deletion of <a href=\"https:\/\/hotelpointfrance.com\/en\/privacy-policy\/\">personal data<\/a> concerning him. He may also, for legitimate reasons, oppose the processing of data concerning him.<br>If he wishes to exercise this right and obtain information concerning him, the user can inform us at <a href=\"mailto:contact@hotelpointfrance.com\" target=\"_blank\" rel=\"noreferrer noopener\">contact@hotelpointfrance.com<\/a> . This site uses the web analysis services Google Analytics from the company Google In. (\u201cGoogle\u201d). Google Analytics uses &#8220;Cookies&#8221;, text data, which are saved on your computer (by your Internet browser) and which allow your use of the site to be analyzed during your visit. The data collected via Cookies concerning your use of the site is transferred to a Google server in the USA recorded on site. In the event of activation of IP anonymization on this site, your IP address will however be compressed beforehand by Google, in the member states of the European Union or in the other member states of the Treaty of the European Economic Area. Only in exceptional cases will the full IP address be transmitted to a Google server in the USA and compressed there. Google will use this information on behalf of the owner of this site, in order to analyze your use of the site, to compile reports on visitor activity and also to provide data to third-party services related to the use of the site and to &#8216;Internet. Google will not associate the IP address transmitted by your browser as part of Google Analytics with other Google data. You can disable the installation and use of Cookies by simply setting your Internet browser software; we inform you however that it is then possible that you will not be able to access all the functions of the site in an optimal way. But you can prevent the recording of personal data (including your IP address) generated by Cookies and the use of the site, as well as the exploitation of this data by Google, by downloading and installing the available browser plugin using the following link: <a href=\"https:\/\/tools.google.com\/dlpage\/gaoptout\" target=\"_blank\" rel=\"noreferrer noopener\">https:\/\/tools.google.com\/dlpage\/gaoptout<\/a> .<\/p>\n\n\n\n<p>You can find more information about the <a href=\"https:\/\/marketingplatform.google.com\/about\/analytics\/terms\/fr\/\" target=\"_blank\" rel=\"noreferrer noopener\">Google Analytics Privacy Policy and Terms of Service here<\/a> or in the <a href=\"https:\/\/marketingplatform.google.com\/about\/\" target=\"_blank\" rel=\"noreferrer noopener\">About Google Analytics<\/a> section. Please note that on this site the Google Analytics code \u201cgat._anonymizeIp();\u201d has been added to ensure the collection of IP addresses anonymously (IP masking).<\/p>\n\n\n\n<h2 class=\"wp-block-heading\" id=\"propriete-intellectuelle\"><strong>Intellectual property<\/strong><\/h2>\n\n\n\n<p>All graphic, textual and computer elements of this website are protected by the Intellectual Property Code. Any unauthorized reproduction or representation constitutes an infringement, sanctioned as such. These legal notices are drawn up by LEXAN.<\/p>\n\n\n\n<h2 class=\"wp-block-heading\"><strong>Skill<\/strong><\/h2>\n\n\n\n<p>Any dispute as to the interpretation or execution of these terms of use falls within the exclusive jurisdiction of the Courts of Bordeaux.<\/p>\n\n\n\n<p><\/p>\n","protected":false},"excerpt":{"rendered":"<p>Editor HOTEL POINT FRANCE1 Rue Grenier33120 ARCACHON RCS 306772542 LLC with capital of \u20ac80,000TVA INTRA. FR 68\u00a0306 772\u00a054205 57 80 48 03 contact@hotelpointfrance.com Director of publication: Mr. Patrick PUJOL \u2013 +33 5 56 83 46 74 \u2013 contact@hotelpointfrance.com Host This site is hosted by: GoDaddy Headquarters 14455 N. Hayden Rd., Ste. 226 Scottsdale, AZ 85260 [&hellip;]<\/p>\n","protected":false},"author":1,"featured_media":0,"parent":0,"menu_order":0,"comment_status":"closed","ping_status":"closed","template":"","meta":{"_coblocks_attr":"","_coblocks_dimensions":"","_coblocks_responsive_height":"","_coblocks_accordion_ie_support":"","footnotes":""},"class_list":["post-17217","page","type-page","status-publish","hentry"],"yoast_head":"<!-- This site is optimized with the Yoast SEO plugin v27.4 - https:\/\/yoast.com\/product\/yoast-seo-wordpress\/ -->\n<title>Legal Notice - H\u00f4tel Point France<\/title>\n<meta name=\"description\" content=\"The legal notices specify the personal data management policy, as well as the intellectual property of the elements of the site.\" \/>\n<meta name=\"robots\" content=\"index, follow, max-snippet:-1, max-image-preview:large, max-video-preview:-1\" \/>\n<link rel=\"canonical\" href=\"https:\/\/hotelpointfrance.com\/en\/legal-notice\/\" \/>\n<meta property=\"og:locale\" content=\"en_US\" \/>\n<meta property=\"og:type\" content=\"article\" \/>\n<meta property=\"og:title\" content=\"Legal Notice - H\u00f4tel Point France\" \/>\n<meta property=\"og:description\" content=\"The legal notices specify the personal data management policy, as well as the intellectual property of the elements of the site.\" \/>\n<meta property=\"og:url\" content=\"https:\/\/hotelpointfrance.com\/en\/legal-notice\/\" \/>\n<meta property=\"og:site_name\" content=\"H\u00f4tel Point France\" \/>\n<meta property=\"article:publisher\" content=\"https:\/\/www.facebook.com\/Hotel.Point.France\/\" \/>\n<meta property=\"article:modified_time\" content=\"2024-12-18T19:42:06+00:00\" \/>\n<meta name=\"twitter:card\" content=\"summary_large_image\" \/>\n<meta name=\"twitter:label1\" content=\"Est. reading time\" \/>\n\t<meta name=\"twitter:data1\" content=\"4 minutes\" \/>\n<script type=\"application\/ld+json\" class=\"yoast-schema-graph\">{\"@context\":\"https:\\\/\\\/schema.org\",\"@graph\":[{\"@type\":\"WebPage\",\"@id\":\"https:\\\/\\\/hotelpointfrance.com\\\/en\\\/legal-notice\\\/\",\"url\":\"https:\\\/\\\/hotelpointfrance.com\\\/en\\\/legal-notice\\\/\",\"name\":\"Legal Notice - H\u00f4tel Point France\",\"isPartOf\":{\"@id\":\"https:\\\/\\\/hotelpointfrance.com\\\/en\\\/#website\"},\"datePublished\":\"2022-02-10T16:20:10+00:00\",\"dateModified\":\"2024-12-18T19:42:06+00:00\",\"description\":\"The legal notices specify the personal data management policy, as well as the intellectual property of the elements of the site.\",\"breadcrumb\":{\"@id\":\"https:\\\/\\\/hotelpointfrance.com\\\/en\\\/legal-notice\\\/#breadcrumb\"},\"inLanguage\":\"en-US\",\"potentialAction\":[{\"@type\":\"ReadAction\",\"target\":[\"https:\\\/\\\/hotelpointfrance.com\\\/en\\\/legal-notice\\\/\"]}]},{\"@type\":\"BreadcrumbList\",\"@id\":\"https:\\\/\\\/hotelpointfrance.com\\\/en\\\/legal-notice\\\/#breadcrumb\",\"itemListElement\":[{\"@type\":\"ListItem\",\"position\":1,\"name\":\"Home\",\"item\":\"https:\\\/\\\/hotelpointfrance.com\\\/en\\\/\"},{\"@type\":\"ListItem\",\"position\":2,\"name\":\"Legal Notice\"}]},{\"@type\":\"WebSite\",\"@id\":\"https:\\\/\\\/hotelpointfrance.com\\\/en\\\/#website\",\"url\":\"https:\\\/\\\/hotelpointfrance.com\\\/en\\\/\",\"name\":\"H\u00f4tel Point France\",\"description\":\"H\u00f4tel 4 \u00e9toiles \u00e0 Arcachon\",\"publisher\":{\"@id\":\"https:\\\/\\\/hotelpointfrance.com\\\/en\\\/#organization\"},\"potentialAction\":[{\"@type\":\"SearchAction\",\"target\":{\"@type\":\"EntryPoint\",\"urlTemplate\":\"https:\\\/\\\/hotelpointfrance.com\\\/en\\\/?s={search_term_string}\"},\"query-input\":{\"@type\":\"PropertyValueSpecification\",\"valueRequired\":true,\"valueName\":\"search_term_string\"}}],\"inLanguage\":\"en-US\"},{\"@type\":\"Organization\",\"@id\":\"https:\\\/\\\/hotelpointfrance.com\\\/en\\\/#organization\",\"name\":\"H\u00f4tel Point France\",\"url\":\"https:\\\/\\\/hotelpointfrance.com\\\/en\\\/\",\"logo\":{\"@type\":\"ImageObject\",\"inLanguage\":\"en-US\",\"@id\":\"https:\\\/\\\/hotelpointfrance.com\\\/en\\\/#\\\/schema\\\/logo\\\/image\\\/\",\"url\":\"https:\\\/\\\/i0.wp.com\\\/hotelpointfrance.com\\\/wp-content\\\/uploads\\\/2022\\\/03\\\/logo-mobile-arcachon-hotel-point-france.png?fit=300%2C150&ssl=1\",\"contentUrl\":\"https:\\\/\\\/i0.wp.com\\\/hotelpointfrance.com\\\/wp-content\\\/uploads\\\/2022\\\/03\\\/logo-mobile-arcachon-hotel-point-france.png?fit=300%2C150&ssl=1\",\"width\":300,\"height\":150,\"caption\":\"H\u00f4tel Point France\"},\"image\":{\"@id\":\"https:\\\/\\\/hotelpointfrance.com\\\/en\\\/#\\\/schema\\\/logo\\\/image\\\/\"},\"sameAs\":[\"https:\\\/\\\/www.facebook.com\\\/Hotel.Point.France\\\/\"]}]}<\/script>\n<!-- \/ Yoast SEO plugin. -->","yoast_head_json":{"title":"Legal Notice - H\u00f4tel Point France","description":"The legal notices specify the personal data management policy, as well as the intellectual property of the elements of the site.","robots":{"index":"index","follow":"follow","max-snippet":"max-snippet:-1","max-image-preview":"max-image-preview:large","max-video-preview":"max-video-preview:-1"},"canonical":"https:\/\/hotelpointfrance.com\/en\/legal-notice\/","og_locale":"en_US","og_type":"article","og_title":"Legal Notice - H\u00f4tel Point France","og_description":"The legal notices specify the personal data management policy, as well as the intellectual property of the elements of the site.","og_url":"https:\/\/hotelpointfrance.com\/en\/legal-notice\/","og_site_name":"H\u00f4tel Point France","article_publisher":"https:\/\/www.facebook.com\/Hotel.Point.France\/","article_modified_time":"2024-12-18T19:42:06+00:00","twitter_card":"summary_large_image","twitter_misc":{"Est. reading time":"4 minutes"},"schema":{"@context":"https:\/\/schema.org","@graph":[{"@type":"WebPage","@id":"https:\/\/hotelpointfrance.com\/en\/legal-notice\/","url":"https:\/\/hotelpointfrance.com\/en\/legal-notice\/","name":"Legal Notice - H\u00f4tel Point France","isPartOf":{"@id":"https:\/\/hotelpointfrance.com\/en\/#website"},"datePublished":"2022-02-10T16:20:10+00:00","dateModified":"2024-12-18T19:42:06+00:00","description":"The legal notices specify the personal data management policy, as well as the intellectual property of the elements of the site.","breadcrumb":{"@id":"https:\/\/hotelpointfrance.com\/en\/legal-notice\/#breadcrumb"},"inLanguage":"en-US","potentialAction":[{"@type":"ReadAction","target":["https:\/\/hotelpointfrance.com\/en\/legal-notice\/"]}]},{"@type":"BreadcrumbList","@id":"https:\/\/hotelpointfrance.com\/en\/legal-notice\/#breadcrumb","itemListElement":[{"@type":"ListItem","position":1,"name":"Home","item":"https:\/\/hotelpointfrance.com\/en\/"},{"@type":"ListItem","position":2,"name":"Legal Notice"}]},{"@type":"WebSite","@id":"https:\/\/hotelpointfrance.com\/en\/#website","url":"https:\/\/hotelpointfrance.com\/en\/","name":"H\u00f4tel Point France","description":"H\u00f4tel 4 \u00e9toiles \u00e0 Arcachon","publisher":{"@id":"https:\/\/hotelpointfrance.com\/en\/#organization"},"potentialAction":[{"@type":"SearchAction","target":{"@type":"EntryPoint","urlTemplate":"https:\/\/hotelpointfrance.com\/en\/?s={search_term_string}"},"query-input":{"@type":"PropertyValueSpecification","valueRequired":true,"valueName":"search_term_string"}}],"inLanguage":"en-US"},{"@type":"Organization","@id":"https:\/\/hotelpointfrance.com\/en\/#organization","name":"H\u00f4tel Point France","url":"https:\/\/hotelpointfrance.com\/en\/","logo":{"@type":"ImageObject","inLanguage":"en-US","@id":"https:\/\/hotelpointfrance.com\/en\/#\/schema\/logo\/image\/","url":"https:\/\/i0.wp.com\/hotelpointfrance.com\/wp-content\/uploads\/2022\/03\/logo-mobile-arcachon-hotel-point-france.png?fit=300%2C150&ssl=1","contentUrl":"https:\/\/i0.wp.com\/hotelpointfrance.com\/wp-content\/uploads\/2022\/03\/logo-mobile-arcachon-hotel-point-france.png?fit=300%2C150&ssl=1","width":300,"height":150,"caption":"H\u00f4tel Point France"},"image":{"@id":"https:\/\/hotelpointfrance.com\/en\/#\/schema\/logo\/image\/"},"sameAs":["https:\/\/www.facebook.com\/Hotel.Point.France\/"]}]}},"jetpack_sharing_enabled":true,"_links":{"self":[{"href":"https:\/\/hotelpointfrance.com\/en\/wp-json\/wp\/v2\/pages\/17217","targetHints":{"allow":["GET"]}}],"collection":[{"href":"https:\/\/hotelpointfrance.com\/en\/wp-json\/wp\/v2\/pages"}],"about":[{"href":"https:\/\/hotelpointfrance.com\/en\/wp-json\/wp\/v2\/types\/page"}],"author":[{"embeddable":true,"href":"https:\/\/hotelpointfrance.com\/en\/wp-json\/wp\/v2\/users\/1"}],"replies":[{"embeddable":true,"href":"https:\/\/hotelpointfrance.com\/en\/wp-json\/wp\/v2\/comments?post=17217"}],"version-history":[{"count":0,"href":"https:\/\/hotelpointfrance.com\/en\/wp-json\/wp\/v2\/pages\/17217\/revisions"}],"wp:attachment":[{"href":"https:\/\/hotelpointfrance.com\/en\/wp-json\/wp\/v2\/media?parent=17217"}],"curies":[{"name":"wp","href":"https:\/\/api.w.org\/{rel}","templated":true}]}}