{"id":17351,"date":"2022-02-17T15:50:46","date_gmt":"2022-02-17T15:50:46","guid":{"rendered":"https:\/\/hotelpointfrance.com\/bedrooms\/"},"modified":"2024-07-06T16:58:54","modified_gmt":"2024-07-06T16:58:54","slug":"bedrooms","status":"publish","type":"page","link":"https:\/\/hotelpointfrance.com\/en\/bedrooms\/","title":{"rendered":"Bedrooms"},"content":{"rendered":"\t\t<div data-elementor-type=\"wp-page\" data-elementor-id=\"17351\" class=\"elementor elementor-17351 elementor-11138\">\n\t\t\t\t\t\t<section class=\"elementor-section elementor-top-section elementor-element elementor-element-14741b2 elementor-section-full_width elementor-section-height-default elementor-section-height-default qodef-elementor-content-no\" data-id=\"14741b2\" data-element_type=\"section\" data-e-type=\"section\">\n\t\t\t\t\t\t<div class=\"elementor-container elementor-column-gap-default\">\n\t\t\t\t\t<div class=\"elementor-column elementor-col-100 elementor-top-column elementor-element elementor-element-e7e0e1f\" data-id=\"e7e0e1f\" data-element_type=\"column\" data-e-type=\"column\">\n\t\t\t<div class=\"elementor-widget-wrap elementor-element-populated\">\n\t\t\t\t\t\t<div class=\"elementor-element elementor-element-262d9b0 elementor-widget elementor-widget-augustine_core_room_gallery_list\" data-id=\"262d9b0\" data-element_type=\"widget\" data-e-type=\"widget\" data-widget_type=\"augustine_core_room_gallery_list.default\">\n\t\t\t\t<div class=\"elementor-widget-container\">\n\t\t\t\t\t<div class=\"qodef-shortcode qodef-m  qodef-room-gallery-list qodef-grid qodef-layout--gallery  qodef-gutter--no qodef-col-num--1 qodef-item-layout--alternate qodef-responsive--predefined\">\n\t<div class=\"qodef-grid-inner clear\">\n\t\t<article class=\"qodef-e qodef-room-gallery-list-item qodef-grid-item\">\n    <div class=\"qodef-e-inner\">\n        <div class=\"qodef-e-media\">\n\t\t\t\t<div class=\"qodef-e-media-image\">\n\t\t<a itemprop=\"url\" href=\"https:\/\/hotelpointfrance.com\/en\/chambre\/classic-room\/\">\n\t\t\t<img fetchpriority=\"high\" decoding=\"async\" width=\"800\" height=\"897\" src=\"https:\/\/i0.wp.com\/hotelpointfrance.com\/wp-content\/uploads\/2022\/02\/chambre-classique-orange-hotel-point-france.png?fit=800%2C897&amp;ssl=1\" class=\"attachment-full size-full wp-post-image\" alt=\"\" srcset=\"https:\/\/i0.wp.com\/hotelpointfrance.com\/wp-content\/uploads\/2022\/02\/chambre-classique-orange-hotel-point-france.png?w=800&amp;ssl=1 800w, https:\/\/i0.wp.com\/hotelpointfrance.com\/wp-content\/uploads\/2022\/02\/chambre-classique-orange-hotel-point-france.png?resize=100%2C112&amp;ssl=1 100w, https:\/\/i0.wp.com\/hotelpointfrance.com\/wp-content\/uploads\/2022\/02\/chambre-classique-orange-hotel-point-france.png?resize=268%2C300&amp;ssl=1 268w, https:\/\/i0.wp.com\/hotelpointfrance.com\/wp-content\/uploads\/2022\/02\/chambre-classique-orange-hotel-point-france.png?resize=768%2C861&amp;ssl=1 768w, https:\/\/i0.wp.com\/hotelpointfrance.com\/wp-content\/uploads\/2022\/02\/chambre-classique-orange-hotel-point-france.png?resize=600%2C673&amp;ssl=1 600w\" sizes=\"(max-width: 800px) 100vw, 800px\" \/>\t\t<\/a>\n\t<\/div>\n        <\/div>\n        <div class=\"qodef-e-content\">\n\t\t\t<h3 itemprop=\"name\" class=\"qodef-e-title entry-title\" >\n<a itemprop=\"url\" href=\"https:\/\/hotelpointfrance.com\/en\/chambre\/classic-room\/\">\n\tClassic Room<\/a>\n<\/h3>            <div class=\"qodef-e-info-items\">\n\t\t\t\t\t\t\t\t\t\t\t\t            <\/div>\n\t\t\t\t\t<p itemprop=\"description\" class=\"qodef-e-excerpt\">Practical and elegant, our classic room has all the comforts to make your stay in Arcachon enjoyable.<\/p>\n\t\t\t\t<div class=\"qodef-e-button\">\n\t<a class=\"qodef-shortcode qodef-m  qodef-button qodef-layout--textual qodef-size--normal qodef-html--link \" href=\"https:\/\/hotelpointfrance.com\/en\/chambre\/classic-room\/\" target=\"_self\"  >\t<span class=\"qodef-m-text\">Book Suite<\/span><\/a>\t\t<\/div>        <\/div>\n    <\/div>\n<\/article>\t<\/div>\n<\/div>\t\t\t\t<\/div>\n\t\t\t\t<\/div>\n\t\t\t\t<div class=\"elementor-element elementor-element-3950395 elementor-widget elementor-widget-image\" data-id=\"3950395\" data-element_type=\"widget\" data-e-type=\"widget\" data-widget_type=\"image.default\">\n\t\t\t\t<div class=\"elementor-widget-container\">\n\t\t\t\t\t\t\t\t\t\t\t\t\t\t\t<img decoding=\"async\" width=\"1811\" height=\"2560\" src=\"https:\/\/i0.wp.com\/hotelpointfrance.com\/wp-content\/uploads\/2024\/05\/tarifs-hotel-point-france-2024-scaled.jpg?fit=1811%2C2560&amp;ssl=1\" class=\"attachment-full size-full wp-image-27590\" alt=\"\" srcset=\"https:\/\/i0.wp.com\/hotelpointfrance.com\/wp-content\/uploads\/2024\/05\/tarifs-hotel-point-france-2024-scaled.jpg?w=1811&amp;ssl=1 1811w, https:\/\/i0.wp.com\/hotelpointfrance.com\/wp-content\/uploads\/2024\/05\/tarifs-hotel-point-france-2024-scaled.jpg?resize=212%2C300&amp;ssl=1 212w, https:\/\/i0.wp.com\/hotelpointfrance.com\/wp-content\/uploads\/2024\/05\/tarifs-hotel-point-france-2024-scaled.jpg?resize=724%2C1024&amp;ssl=1 724w, https:\/\/i0.wp.com\/hotelpointfrance.com\/wp-content\/uploads\/2024\/05\/tarifs-hotel-point-france-2024-scaled.jpg?resize=768%2C1086&amp;ssl=1 768w, https:\/\/i0.wp.com\/hotelpointfrance.com\/wp-content\/uploads\/2024\/05\/tarifs-hotel-point-france-2024-scaled.jpg?resize=1086%2C1536&amp;ssl=1 1086w, https:\/\/i0.wp.com\/hotelpointfrance.com\/wp-content\/uploads\/2024\/05\/tarifs-hotel-point-france-2024-scaled.jpg?resize=1449%2C2048&amp;ssl=1 1449w, https:\/\/i0.wp.com\/hotelpointfrance.com\/wp-content\/uploads\/2024\/05\/tarifs-hotel-point-france-2024-scaled.jpg?resize=600%2C848&amp;ssl=1 600w, https:\/\/i0.wp.com\/hotelpointfrance.com\/wp-content\/uploads\/2024\/05\/tarifs-hotel-point-france-2024-scaled.jpg?resize=100%2C141&amp;ssl=1 100w\" sizes=\"(max-width: 1300px) 100vw, 1300px\" \/>\t\t\t\t\t\t\t\t\t\t\t\t\t\t\t<\/div>\n\t\t\t\t<\/div>\n\t\t\t\t\t<\/div>\n\t\t<\/div>\n\t\t\t\t\t<\/div>\n\t\t<\/section>\n\t\t\t\t<section class=\"elementor-section elementor-top-section elementor-element elementor-element-2c15e5d elementor-section-boxed elementor-section-height-default elementor-section-height-default qodef-elementor-content-no\" data-id=\"2c15e5d\" data-element_type=\"section\" data-e-type=\"section\">\n\t\t\t\t\t\t<div class=\"elementor-container elementor-column-gap-default\">\n\t\t\t\t\t<div class=\"elementor-column elementor-col-100 elementor-top-column elementor-element elementor-element-9ce7fe1\" data-id=\"9ce7fe1\" data-element_type=\"column\" data-e-type=\"column\">\n\t\t\t<div class=\"elementor-widget-wrap elementor-element-populated\">\n\t\t\t\t\t\t<div class=\"elementor-element elementor-element-2786043 elementor-align-center elementor-widget elementor-widget-button\" data-id=\"2786043\" data-element_type=\"widget\" data-e-type=\"widget\" data-widget_type=\"button.default\">\n\t\t\t\t<div class=\"elementor-widget-container\">\n\t\t\t\t\t\t\t\t\t<div class=\"elementor-button-wrapper\">\n\t\t\t\t\t<a class=\"elementor-button elementor-button-link elementor-size-md\" href=\"https:\/\/hotelpointfrance.com\/en\/reservation\/\">\n\t\t\t\t\t\t<span class=\"elementor-button-content-wrapper\">\n\t\t\t\t\t\t\t\t\t<span class=\"elementor-button-text\">Book here<\/span>\n\t\t\t\t\t<\/span>\n\t\t\t\t\t<\/a>\n\t\t\t\t<\/div>\n\t\t\t\t\t\t\t\t<\/div>\n\t\t\t\t<\/div>\n\t\t\t\t\t<\/div>\n\t\t<\/div>\n\t\t\t\t\t<\/div>\n\t\t<\/section>\n\t\t\t\t<section class=\"elementor-section elementor-top-section elementor-element elementor-element-890e712 elementor-section-boxed elementor-section-height-default elementor-section-height-default qodef-elementor-content-no\" data-id=\"890e712\" data-element_type=\"section\" data-e-type=\"section\">\n\t\t\t\t\t\t<div class=\"elementor-container elementor-column-gap-default\">\n\t\t\t\t\t<div class=\"elementor-column elementor-col-100 elementor-top-column elementor-element elementor-element-33c4850\" data-id=\"33c4850\" data-element_type=\"column\" data-e-type=\"column\">\n\t\t\t<div class=\"elementor-widget-wrap elementor-element-populated\">\n\t\t\t\t\t\t<div class=\"elementor-element elementor-element-f781bf1 elementor-widget elementor-widget-heading\" data-id=\"f781bf1\" data-element_type=\"widget\" data-e-type=\"widget\" data-widget_type=\"heading.default\">\n\t\t\t\t<div class=\"elementor-widget-container\">\n\t\t\t\t\t<h2 class=\"elementor-heading-title elementor-size-default\">Rooms that meet your expectations<\/h2>\t\t\t\t<\/div>\n\t\t\t\t<\/div>\n\t\t\t\t<div class=\"elementor-element elementor-element-4a1f4fa elementor-widget elementor-widget-text-editor\" data-id=\"4a1f4fa\" data-element_type=\"widget\" data-e-type=\"widget\" data-widget_type=\"text-editor.default\">\n\t\t\t\t<div class=\"elementor-widget-container\">\n\t\t\t\t\t\t\t\t\t<p><\/p>\n<p style=\"text-align: center;\">Are you looking for a quality accommodation to spend your holidays in <b>Arcachon<\/b>?&nbsp;<\/p>\n<p style=\"text-align: center;\">The <b>rooms at Hotel Point France<\/b> are a must-see option. Whether you&#8217;re alone, as a couple, or with family, the hotel offers rooms for all needs and budgets.<\/p>\n<p style=\"text-align: center;\">\n<\/p><p style=\"text-align: center;\">For travelers seeking a comfortable and convenient stay <b>&nbsp; Double Rooms&nbsp;<\/b> are ideal. Indeed, with their 20m2, they offer sufficient space to rest after a day of discovering the wonders of Arcachon. Equipped with all modern comforts, these rooms allow for a pleasant and relaxing stay.<\/p>\n<p style=\"text-align: center;\">\n<\/p><p style=\"text-align: center;\">If you are looking for a more exceptional experience, <b>the Superior rooms with sea view and balcony or terrace<\/b> &nbsp;are perfect. With a size of 26m2, they offer you a breathtaking view of the central beach of Arcachon. You can then admire the waves, listen to the sound of the sea, and let yourself be carried away by the beauty of this magnificent city.<\/p>\n<p style=\"text-align: center;\">\n<\/p><p style=\"text-align: center;\">If you are traveling with your family, <b> the <\/b>Family Room with balcony&nbsp; is designed especially for you. With a capacity of 1 to 4 people and a size of 26m2, it will allow you to have an enjoyable stay with your children. So you will have enough space to rest quietly.<\/p>\n<p style=\"text-align: center;\">\n<\/p><p style=\"text-align: center;\">No matter which room you choose, you will have the opportunity to enjoy exceptional amenities and accommodation service. The <b>rooms at Hotel Point France<\/b> are perfect for a stay in <b> Arcachon<\/b>. They allow you to enjoy an unforgettable experience in the heart of the <b>Arcachon Basin<\/b>.<\/p>\n<p style=\"text-align: center;\">\n<\/p>\t\t\t\t\t\t\t\t<\/div>\n\t\t\t\t<\/div>\n\t\t\t\t\t<\/div>\n\t\t<\/div>\n\t\t\t\t\t<\/div>\n\t\t<\/section>\n\t\t\t\t<\/div>\n\t\t","protected":false},"excerpt":{"rendered":"<p>Chambre Double avec balcon Capacit\u00e9 : 1-2 personnes Taille : 20m2 Cette chambre \u00e9l\u00e9gante offre un balcon priv\u00e9 au calme. Design raffin\u00e9 pour une ambiance sereine et relaxante Voir le d\u00e9tail de la chambre : Chambre Double avec Vue mer et terrasse Capacit\u00e9 : 1-2 personnes Taille : 20m2 Avec sa vue imprenable sur la [&hellip;]<\/p>\n","protected":false},"author":1,"featured_media":0,"parent":0,"menu_order":0,"comment_status":"closed","ping_status":"closed","template":"page-full-width.php","meta":{"_coblocks_attr":"","_coblocks_dimensions":"","_coblocks_responsive_height":"","_coblocks_accordion_ie_support":"","footnotes":""},"class_list":["post-17351","page","type-page","status-publish","hentry"],"yoast_head":"<!-- This site is optimized with the Yoast SEO plugin v27.4 - https:\/\/yoast.com\/product\/yoast-seo-wordpress\/ -->\n<title>Bedrooms - H\u00f4tel Point France<\/title>\n<meta name=\"description\" content=\"Find your ideal hotel room in Arcachon. On the seafront in the city center, our rooms offer you the Arcachonnaise experience.\" \/>\n<meta name=\"robots\" content=\"index, follow, max-snippet:-1, max-image-preview:large, max-video-preview:-1\" \/>\n<link rel=\"canonical\" href=\"https:\/\/hotelpointfrance.com\/en\/bedrooms\/\" \/>\n<meta property=\"og:locale\" content=\"en_US\" \/>\n<meta property=\"og:type\" content=\"article\" \/>\n<meta property=\"og:title\" content=\"Bedrooms - H\u00f4tel Point France\" \/>\n<meta property=\"og:description\" content=\"Find your ideal hotel room in Arcachon. On the seafront in the city center, our rooms offer you the Arcachonnaise experience.\" \/>\n<meta property=\"og:url\" content=\"https:\/\/hotelpointfrance.com\/en\/bedrooms\/\" \/>\n<meta property=\"og:site_name\" content=\"H\u00f4tel Point France\" \/>\n<meta property=\"article:publisher\" content=\"https:\/\/www.facebook.com\/Hotel.Point.France\/\" \/>\n<meta property=\"article:modified_time\" content=\"2024-07-06T16:58:54+00:00\" \/>\n<meta property=\"og:image\" content=\"https:\/\/i0.wp.com\/hotelpointfrance.com\/wp-content\/uploads\/2022\/02\/literie-chambre-classique-hotel-point-france.png?fit=680%2C652&amp;ssl=1\" \/>\n<meta name=\"twitter:card\" content=\"summary_large_image\" \/>\n<meta name=\"twitter:label1\" content=\"Est. reading time\" \/>\n\t<meta name=\"twitter:data1\" content=\"2 minutes\" \/>\n<script type=\"application\/ld+json\" class=\"yoast-schema-graph\">{\"@context\":\"https:\\\/\\\/schema.org\",\"@graph\":[{\"@type\":\"WebPage\",\"@id\":\"https:\\\/\\\/hotelpointfrance.com\\\/en\\\/bedrooms\\\/\",\"url\":\"https:\\\/\\\/hotelpointfrance.com\\\/en\\\/bedrooms\\\/\",\"name\":\"Bedrooms - H\u00f4tel Point France\",\"isPartOf\":{\"@id\":\"https:\\\/\\\/hotelpointfrance.com\\\/en\\\/#website\"},\"primaryImageOfPage\":{\"@id\":\"https:\\\/\\\/hotelpointfrance.com\\\/en\\\/bedrooms\\\/#primaryimage\"},\"image\":{\"@id\":\"https:\\\/\\\/hotelpointfrance.com\\\/en\\\/bedrooms\\\/#primaryimage\"},\"thumbnailUrl\":\"https:\\\/\\\/i0.wp.com\\\/hotelpointfrance.com\\\/wp-content\\\/uploads\\\/2022\\\/02\\\/literie-chambre-classique-hotel-point-france.png?fit=680%2C652&amp;ssl=1\",\"datePublished\":\"2022-02-17T15:50:46+00:00\",\"dateModified\":\"2024-07-06T16:58:54+00:00\",\"description\":\"Find your ideal hotel room in Arcachon. On the seafront in the city center, our rooms offer you the Arcachonnaise experience.\",\"breadcrumb\":{\"@id\":\"https:\\\/\\\/hotelpointfrance.com\\\/en\\\/bedrooms\\\/#breadcrumb\"},\"inLanguage\":\"en-US\",\"potentialAction\":[{\"@type\":\"ReadAction\",\"target\":[\"https:\\\/\\\/hotelpointfrance.com\\\/en\\\/bedrooms\\\/\"]}]},{\"@type\":\"ImageObject\",\"inLanguage\":\"en-US\",\"@id\":\"https:\\\/\\\/hotelpointfrance.com\\\/en\\\/bedrooms\\\/#primaryimage\",\"url\":\"https:\\\/\\\/i0.wp.com\\\/hotelpointfrance.com\\\/wp-content\\\/uploads\\\/2022\\\/02\\\/literie-chambre-classique-hotel-point-france.png?fit=680%2C652&amp;ssl=1\",\"contentUrl\":\"https:\\\/\\\/i0.wp.com\\\/hotelpointfrance.com\\\/wp-content\\\/uploads\\\/2022\\\/02\\\/literie-chambre-classique-hotel-point-france.png?fit=680%2C652&amp;ssl=1\"},{\"@type\":\"BreadcrumbList\",\"@id\":\"https:\\\/\\\/hotelpointfrance.com\\\/en\\\/bedrooms\\\/#breadcrumb\",\"itemListElement\":[{\"@type\":\"ListItem\",\"position\":1,\"name\":\"Home\",\"item\":\"https:\\\/\\\/hotelpointfrance.com\\\/en\\\/\"},{\"@type\":\"ListItem\",\"position\":2,\"name\":\"Bedrooms\"}]},{\"@type\":\"WebSite\",\"@id\":\"https:\\\/\\\/hotelpointfrance.com\\\/en\\\/#website\",\"url\":\"https:\\\/\\\/hotelpointfrance.com\\\/en\\\/\",\"name\":\"H\u00f4tel Point France\",\"description\":\"H\u00f4tel 4 \u00e9toiles \u00e0 Arcachon\",\"publisher\":{\"@id\":\"https:\\\/\\\/hotelpointfrance.com\\\/en\\\/#organization\"},\"potentialAction\":[{\"@type\":\"SearchAction\",\"target\":{\"@type\":\"EntryPoint\",\"urlTemplate\":\"https:\\\/\\\/hotelpointfrance.com\\\/en\\\/?s={search_term_string}\"},\"query-input\":{\"@type\":\"PropertyValueSpecification\",\"valueRequired\":true,\"valueName\":\"search_term_string\"}}],\"inLanguage\":\"en-US\"},{\"@type\":\"Organization\",\"@id\":\"https:\\\/\\\/hotelpointfrance.com\\\/en\\\/#organization\",\"name\":\"H\u00f4tel Point France\",\"url\":\"https:\\\/\\\/hotelpointfrance.com\\\/en\\\/\",\"logo\":{\"@type\":\"ImageObject\",\"inLanguage\":\"en-US\",\"@id\":\"https:\\\/\\\/hotelpointfrance.com\\\/en\\\/#\\\/schema\\\/logo\\\/image\\\/\",\"url\":\"https:\\\/\\\/i0.wp.com\\\/hotelpointfrance.com\\\/wp-content\\\/uploads\\\/2022\\\/03\\\/logo-mobile-arcachon-hotel-point-france.png?fit=300%2C150&ssl=1\",\"contentUrl\":\"https:\\\/\\\/i0.wp.com\\\/hotelpointfrance.com\\\/wp-content\\\/uploads\\\/2022\\\/03\\\/logo-mobile-arcachon-hotel-point-france.png?fit=300%2C150&ssl=1\",\"width\":300,\"height\":150,\"caption\":\"H\u00f4tel Point France\"},\"image\":{\"@id\":\"https:\\\/\\\/hotelpointfrance.com\\\/en\\\/#\\\/schema\\\/logo\\\/image\\\/\"},\"sameAs\":[\"https:\\\/\\\/www.facebook.com\\\/Hotel.Point.France\\\/\"]}]}<\/script>\n<!-- \/ Yoast SEO plugin. -->","yoast_head_json":{"title":"Bedrooms - H\u00f4tel Point France","description":"Find your ideal hotel room in Arcachon. On the seafront in the city center, our rooms offer you the Arcachonnaise experience.","robots":{"index":"index","follow":"follow","max-snippet":"max-snippet:-1","max-image-preview":"max-image-preview:large","max-video-preview":"max-video-preview:-1"},"canonical":"https:\/\/hotelpointfrance.com\/en\/bedrooms\/","og_locale":"en_US","og_type":"article","og_title":"Bedrooms - H\u00f4tel Point France","og_description":"Find your ideal hotel room in Arcachon. On the seafront in the city center, our rooms offer you the Arcachonnaise experience.","og_url":"https:\/\/hotelpointfrance.com\/en\/bedrooms\/","og_site_name":"H\u00f4tel Point France","article_publisher":"https:\/\/www.facebook.com\/Hotel.Point.France\/","article_modified_time":"2024-07-06T16:58:54+00:00","og_image":[{"url":"https:\/\/i0.wp.com\/hotelpointfrance.com\/wp-content\/uploads\/2022\/02\/literie-chambre-classique-hotel-point-france.png?fit=680%2C652&amp;ssl=1","type":"","width":"","height":""}],"twitter_card":"summary_large_image","twitter_misc":{"Est. reading time":"2 minutes"},"schema":{"@context":"https:\/\/schema.org","@graph":[{"@type":"WebPage","@id":"https:\/\/hotelpointfrance.com\/en\/bedrooms\/","url":"https:\/\/hotelpointfrance.com\/en\/bedrooms\/","name":"Bedrooms - H\u00f4tel Point France","isPartOf":{"@id":"https:\/\/hotelpointfrance.com\/en\/#website"},"primaryImageOfPage":{"@id":"https:\/\/hotelpointfrance.com\/en\/bedrooms\/#primaryimage"},"image":{"@id":"https:\/\/hotelpointfrance.com\/en\/bedrooms\/#primaryimage"},"thumbnailUrl":"https:\/\/i0.wp.com\/hotelpointfrance.com\/wp-content\/uploads\/2022\/02\/literie-chambre-classique-hotel-point-france.png?fit=680%2C652&amp;ssl=1","datePublished":"2022-02-17T15:50:46+00:00","dateModified":"2024-07-06T16:58:54+00:00","description":"Find your ideal hotel room in Arcachon. On the seafront in the city center, our rooms offer you the Arcachonnaise experience.","breadcrumb":{"@id":"https:\/\/hotelpointfrance.com\/en\/bedrooms\/#breadcrumb"},"inLanguage":"en-US","potentialAction":[{"@type":"ReadAction","target":["https:\/\/hotelpointfrance.com\/en\/bedrooms\/"]}]},{"@type":"ImageObject","inLanguage":"en-US","@id":"https:\/\/hotelpointfrance.com\/en\/bedrooms\/#primaryimage","url":"https:\/\/i0.wp.com\/hotelpointfrance.com\/wp-content\/uploads\/2022\/02\/literie-chambre-classique-hotel-point-france.png?fit=680%2C652&amp;ssl=1","contentUrl":"https:\/\/i0.wp.com\/hotelpointfrance.com\/wp-content\/uploads\/2022\/02\/literie-chambre-classique-hotel-point-france.png?fit=680%2C652&amp;ssl=1"},{"@type":"BreadcrumbList","@id":"https:\/\/hotelpointfrance.com\/en\/bedrooms\/#breadcrumb","itemListElement":[{"@type":"ListItem","position":1,"name":"Home","item":"https:\/\/hotelpointfrance.com\/en\/"},{"@type":"ListItem","position":2,"name":"Bedrooms"}]},{"@type":"WebSite","@id":"https:\/\/hotelpointfrance.com\/en\/#website","url":"https:\/\/hotelpointfrance.com\/en\/","name":"H\u00f4tel Point France","description":"H\u00f4tel 4 \u00e9toiles \u00e0 Arcachon","publisher":{"@id":"https:\/\/hotelpointfrance.com\/en\/#organization"},"potentialAction":[{"@type":"SearchAction","target":{"@type":"EntryPoint","urlTemplate":"https:\/\/hotelpointfrance.com\/en\/?s={search_term_string}"},"query-input":{"@type":"PropertyValueSpecification","valueRequired":true,"valueName":"search_term_string"}}],"inLanguage":"en-US"},{"@type":"Organization","@id":"https:\/\/hotelpointfrance.com\/en\/#organization","name":"H\u00f4tel Point France","url":"https:\/\/hotelpointfrance.com\/en\/","logo":{"@type":"ImageObject","inLanguage":"en-US","@id":"https:\/\/hotelpointfrance.com\/en\/#\/schema\/logo\/image\/","url":"https:\/\/i0.wp.com\/hotelpointfrance.com\/wp-content\/uploads\/2022\/03\/logo-mobile-arcachon-hotel-point-france.png?fit=300%2C150&ssl=1","contentUrl":"https:\/\/i0.wp.com\/hotelpointfrance.com\/wp-content\/uploads\/2022\/03\/logo-mobile-arcachon-hotel-point-france.png?fit=300%2C150&ssl=1","width":300,"height":150,"caption":"H\u00f4tel Point France"},"image":{"@id":"https:\/\/hotelpointfrance.com\/en\/#\/schema\/logo\/image\/"},"sameAs":["https:\/\/www.facebook.com\/Hotel.Point.France\/"]}]}},"jetpack_sharing_enabled":true,"_links":{"self":[{"href":"https:\/\/hotelpointfrance.com\/en\/wp-json\/wp\/v2\/pages\/17351","targetHints":{"allow":["GET"]}}],"collection":[{"href":"https:\/\/hotelpointfrance.com\/en\/wp-json\/wp\/v2\/pages"}],"about":[{"href":"https:\/\/hotelpointfrance.com\/en\/wp-json\/wp\/v2\/types\/page"}],"author":[{"embeddable":true,"href":"https:\/\/hotelpointfrance.com\/en\/wp-json\/wp\/v2\/users\/1"}],"replies":[{"embeddable":true,"href":"https:\/\/hotelpointfrance.com\/en\/wp-json\/wp\/v2\/comments?post=17351"}],"version-history":[{"count":0,"href":"https:\/\/hotelpointfrance.com\/en\/wp-json\/wp\/v2\/pages\/17351\/revisions"}],"wp:attachment":[{"href":"https:\/\/hotelpointfrance.com\/en\/wp-json\/wp\/v2\/media?parent=17351"}],"curies":[{"name":"wp","href":"https:\/\/api.w.org\/{rel}","templated":true}]}}